{"id":5785,"date":"2024-06-15T13:29:35","date_gmt":"2024-06-15T11:29:35","guid":{"rendered":"https:\/\/peopleandwork.eu\/impressum\/"},"modified":"2025-10-01T13:25:03","modified_gmt":"2025-10-01T11:25:03","slug":"impressum","status":"publish","type":"page","link":"https:\/\/peopleandwork.eu\/uk\/impressum\/","title":{"rendered":"Impressum"},"content":{"rendered":"\t\t<div data-elementor-type=\"wp-page\" data-elementor-id=\"5785\" class=\"elementor elementor-5785 elementor-5780\" data-elementor-post-type=\"page\">\n\t\t\t\t<div class=\"elementor-element elementor-element-135d3d9 e-con-full e-flex e-con e-parent\" data-id=\"135d3d9\" data-element_type=\"container\">\n\t\t\t\t<div class=\"elementor-element elementor-element-41813c9 elementor-widget elementor-widget-template\" data-id=\"41813c9\" data-element_type=\"widget\" data-widget_type=\"template.default\">\n\t\t\t\t<div class=\"elementor-widget-container\">\n\t\t\t\t\t\t\t<div class=\"elementor-template\">\n\t\t\t\t\t<div data-elementor-type=\"container\" data-elementor-id=\"5282\" class=\"elementor elementor-5282\" data-elementor-post-type=\"elementor_library\">\n\t\t\t\t<div class=\"elementor-element elementor-element-758e7f71 e-con-full e-flex e-con e-parent\" data-id=\"758e7f71\" data-element_type=\"container\" data-settings=\"{&quot;background_background&quot;:&quot;classic&quot;}\">\n\t\t<div class=\"elementor-element elementor-element-3d73945 e-con-full e-flex e-con e-child\" data-id=\"3d73945\" data-element_type=\"container\">\n\t\t<div class=\"elementor-element elementor-element-48f623e3 radius-large e-flex e-con-boxed e-con e-child\" data-id=\"48f623e3\" data-element_type=\"container\" data-settings=\"{&quot;background_background&quot;:&quot;gradient&quot;}\">\n\t\t\t\t\t<div class=\"e-con-inner\">\n\t\t\t\t<div class=\"elementor-element elementor-element-384916f6 breadcrumbs elementor-widget elementor-widget-shortcode\" data-id=\"384916f6\" data-element_type=\"widget\" data-widget_type=\"shortcode.default\">\n\t\t\t\t<div class=\"elementor-widget-container\">\n\t\t\t\t\t\t\t<div class=\"elementor-shortcode\"><span><span><a href=\"https:\/\/peopleandwork.eu\/uk\/%d0%b3%d0%be%d0%bb%d0%be%d0%b2%d0%bd%d0%b0-%d1%81%d1%82%d0%be%d1%80%d1%96%d0%bd%d0%ba%d0%b0\/\">Home<\/a><\/span><\/span><\/div>\n\t\t\t\t\t\t<\/div>\n\t\t\t\t<\/div>\n\t\t\t\t<div class=\"elementor-element elementor-element-374228a5 elementor-widget elementor-widget-heading\" data-id=\"374228a5\" data-element_type=\"widget\" data-widget_type=\"heading.default\">\n\t\t\t\t<div class=\"elementor-widget-container\">\n\t\t\t\t\t<h1 class=\"elementor-heading-title elementor-size-default\">Impressum<\/h1>\t\t\t\t<\/div>\n\t\t\t\t<\/div>\n\t\t\t\t\t<\/div>\n\t\t\t\t<\/div>\n\t\t\t\t<\/div>\n\t\t\t\t<\/div>\n\t\t\t\t<\/div>\n\t\t\t\t<\/div>\n\t\t\t\t\t\t<\/div>\n\t\t\t\t<\/div>\n\t\t\t\t<\/div>\n\t\t<div class=\"elementor-element elementor-element-46b5ba2 section-padding e-flex e-con-boxed e-con e-parent\" data-id=\"46b5ba2\" data-element_type=\"container\">\n\t\t\t\t\t<div class=\"e-con-inner\">\n\t\t<div class=\"elementor-element elementor-element-9cc2a43 e-flex e-con-boxed e-con e-child\" data-id=\"9cc2a43\" data-element_type=\"container\">\n\t\t\t\t\t<div class=\"e-con-inner\">\n\t\t\t\t<div class=\"elementor-element elementor-element-bf6fd7a elementor-widget elementor-widget-text-editor\" data-id=\"bf6fd7a\" data-element_type=\"widget\" data-widget_type=\"text-editor.default\">\n\t\t\t\t<div class=\"elementor-widget-container\">\n\t\t\t\t\t\t\t\t\t<div class=\"elementor-element elementor-element-47e4ac6 elementor-widget elementor-widget-heading\" data-id=\"47e4ac6\" data-element_type=\"widget\" data-widget_type=\"heading.default\"><div class=\"elementor-widget-container\"><h4 class=\"elementor-heading-title elementor-size-default\">PEOPLE &amp; WORK Sp. z o.o.<\/h4><\/div><\/div><div class=\"elementor-element elementor-element-3b2416e elementor-widget elementor-widget-text-editor\" data-id=\"3b2416e\" data-element_type=\"widget\" data-widget_type=\"text-editor.default\"><div class=\"elementor-widget-container\"><p>\u0413\u0435\u043d\u0435\u0440\u0430\u043b\u044c\u043d\u0438\u0439 \u0434\u0438\u0440\u0435\u043a\u0442\u043e\u0440: \u0415\u043c\u0456\u043b\u0456\u044f \u0426\u0438\u0431\u0443\u043b\u044c\u0441\u044c\u043a\u0430<br \/>ul. Jagie\u0142\u0142y 3<br \/>66-400 Gorz\u00f3w Wlkp.<br \/>\u041f\u043e\u043b\u044c\u0449\u0430<br \/>KRS: 0000879419<br \/>NIP: 5993253914<br \/>\u0420\u0415\u0413\u0406\u041e\u041d: 387969801<\/p><p>\u0422\u0435\u043b: +48 669 150 320<br \/>\u0415\u043b\u0435\u043a\u0442\u0440\u043e\u043d\u043d\u0430 \u043f\u043e\u0448\u0442\u0430: info@peopleandwork.eu<br \/>\u0406\u043d\u0442\u0435\u0440\u043d\u0435\u0442: www.peopleandwork.eu<\/p><\/div><\/div>\t\t\t\t\t\t\t\t<\/div>\n\t\t\t\t<\/div>\n\t\t\t\t\t<\/div>\n\t\t\t\t<\/div>\n\t\t<div class=\"elementor-element elementor-element-b95e5d6 e-flex e-con-boxed e-con e-child\" data-id=\"b95e5d6\" data-element_type=\"container\">\n\t\t\t\t\t<div class=\"e-con-inner\">\n\t\t\t\t<div class=\"elementor-element elementor-element-09dec73 elementor-widget elementor-widget-text-editor\" data-id=\"09dec73\" data-element_type=\"widget\" data-widget_type=\"text-editor.default\">\n\t\t\t\t<div class=\"elementor-widget-container\">\n\t\t\t\t\t\t\t\t\t<div class=\"elementor-element elementor-element-a4b11c2 elementor-widget elementor-widget-heading\" data-id=\"a4b11c2\" data-element_type=\"widget\" data-widget_type=\"heading.default\"><div class=\"elementor-widget-container\"><h4 class=\"elementor-heading-title elementor-size-default\">SITEX CARE GmbH<\/h4><\/div><\/div><div class=\"elementor-element elementor-element-27ee23e elementor-widget elementor-widget-text-editor\" data-id=\"27ee23e\" data-element_type=\"widget\" data-widget_type=\"text-editor.default\"><div class=\"elementor-widget-container\"><p>\u041a\u0435\u0440\u0456\u0432\u043d\u0438\u043a: \u0421\u0442\u0435\u0444\u0430\u043d \u0420\u0456\u0445\u0442\u0446\u0435\u043d\u0433\u0430\u0439\u043d<br \/>\u0421\u0456\u043c\u0435\u043e\u043d\u0441\u043f\u043b\u0430\u0446 6<br \/>32427 \u041c\u0456\u043d\u0434\u0435\u043d<br \/>\u0414\u043e\u0439\u0447\u043b\u0430\u043d\u0434<br \/>HR-\u043d\u043e\u043c\u0435\u0440: HRB16827<\/p><p>\u0422\u0435\u043b: +49 571 8888 0<br \/>\u0415\u043b\u0435\u043a\u0442\u0440\u043e\u043d\u043d\u0430 \u043f\u043e\u0448\u0442\u0430: info@sitex.de<br \/>\u0406\u043d\u0442\u0435\u0440\u043d\u0435\u0442: www.sitexcare.de<\/p><\/div><\/div>\t\t\t\t\t\t\t\t<\/div>\n\t\t\t\t<\/div>\n\t\t\t\t\t<\/div>\n\t\t\t\t<\/div>\n\t\t<div class=\"elementor-element elementor-element-fabf0c2 e-flex e-con-boxed e-con e-child\" data-id=\"fabf0c2\" data-element_type=\"container\">\n\t\t\t\t\t<div class=\"e-con-inner\">\n\t\t\t\t<div class=\"elementor-element elementor-element-12411f2 elementor-widget elementor-widget-text-editor\" data-id=\"12411f2\" data-element_type=\"widget\" data-widget_type=\"text-editor.default\">\n\t\t\t\t<div class=\"elementor-widget-container\">\n\t\t\t\t\t\t\t\t\t<div class=\"elementor-element elementor-element-ecf3341 elementor-widget elementor-widget-heading\" data-id=\"ecf3341\" data-element_type=\"widget\" data-widget_type=\"heading.default\"><div class=\"elementor-widget-container\"><h4 class=\"elementor-heading-title elementor-size-default\">MEDICAL CARE Sp. z o.o<\/h4><\/div><\/div><div class=\"elementor-element elementor-element-c2cd55b elementor-widget elementor-widget-text-editor\" data-id=\"c2cd55b\" data-element_type=\"widget\" data-widget_type=\"text-editor.default\"><div class=\"elementor-widget-container\"><p>\u0414\u0438\u0440\u0435\u043a\u0442\u043e\u0440\u0435. \u0413\u0435\u043d\u0435\u0440\u0430\u043b\u044c\u043d\u0438\u0439 \u0434\u0438\u0440\u0435\u043a\u0442\u043e\u0440: \u0415\u043c\u0456\u043b\u0456\u044f \u0426\u0438\u0431\u0443\u043b\u044c\u0441\u044c\u043a\u0430<br \/>ul. \u0410\u043d\u0434\u0436\u0435\u044f \u041c\u0430\u043b\u044c\u043a\u043e\u0432\u0441\u044c\u043a\u043e\u0433\u043e 30\/1<br \/>70-304 \u0429\u0435\u0446\u0438\u043d<br \/>KRS 0000823653<br \/>NIP 852-266-14-89<br \/>REGON 385317 0<\/p><p>\u0422\u0435\u043b. +48 669 150 320<br \/>\u0415\u043b\u0435\u043a\u0442\u0440\u043e\u043d\u043d\u0430 \u043f\u043e\u0448\u0442\u0430: e.cybulska@seitexcare.eu<br \/>\u0406\u043d\u0442\u0435\u0440\u043d\u0435\u0442: www.sitexcare.de<\/p><\/div><\/div>\t\t\t\t\t\t\t\t<\/div>\n\t\t\t\t<\/div>\n\t\t\t\t\t<\/div>\n\t\t\t\t<\/div>\n\t\t<div class=\"elementor-element elementor-element-79cbeff e-con-full e-flex e-con e-child\" data-id=\"79cbeff\" data-element_type=\"container\">\n\t\t\t\t<div class=\"elementor-element elementor-element-bc24d78 elementor-widget elementor-widget-text-editor\" data-id=\"bc24d78\" data-element_type=\"widget\" data-widget_type=\"text-editor.default\">\n\t\t\t\t<div class=\"elementor-widget-container\">\n\t\t\t\t\t\t\t\t\t<h4>People and Work GmbH<\/h4>\n<p>\u041b\u0430\u043d\u0434\u0441\u0431\u0435\u0440\u0433\u0435\u0440\u0448\u0442\u0440\u0430\u0441\u0441\u0435. 218<br \/>12623 \u0411\u0435\u0440\u043b\u0456\u043d<br \/>www.peopleandwork.eu<\/p>\n\t\t\t\t\t\t\t\t<\/div>\n\t\t\t\t<\/div>\n\t\t\t\t<\/div>\n\t\t\t\t\t<\/div>\n\t\t\t\t<\/div>\n\t\t\t\t<\/div>\n\t\t","protected":false},"excerpt":{"rendered":"<p>PEOPLE &amp; WORK Sp. z o.o. \u0413\u0435\u043d\u0435\u0440\u0430\u043b\u044c\u043d\u0438\u0439 \u0434\u0438\u0440\u0435\u043a\u0442\u043e\u0440: \u0415\u043c\u0456\u043b\u0456\u044f \u0426\u0438\u0431\u0443\u043b\u044c\u0441\u044c\u043a\u0430ul. Jagie\u0142\u0142y 366-400 Gorz\u00f3w Wlkp.\u041f\u043e\u043b\u044c\u0449\u0430KRS: 0000879419NIP: 5993253914\u0420\u0415\u0413\u0406\u041e\u041d: 387969801 \u0422\u0435\u043b: +48 669 150 320\u0415\u043b\u0435\u043a\u0442\u0440\u043e\u043d\u043d\u0430 \u043f\u043e\u0448\u0442\u0430: info@peopleandwork.eu\u0406\u043d\u0442\u0435\u0440\u043d\u0435\u0442: www.peopleandwork.eu SITEX CARE GmbH \u041a\u0435\u0440\u0456\u0432\u043d\u0438\u043a: \u0421\u0442\u0435\u0444\u0430\u043d \u0420\u0456\u0445\u0442\u0446\u0435\u043d\u0433\u0430\u0439\u043d\u0421\u0456\u043c\u0435\u043e\u043d\u0441\u043f\u043b\u0430\u0446 632427 \u041c\u0456\u043d\u0434\u0435\u043d\u0414\u043e\u0439\u0447\u043b\u0430\u043d\u0434HR-\u043d\u043e\u043c\u0435\u0440: HRB16827 \u0422\u0435\u043b: +49 571 8888 0\u0415\u043b\u0435\u043a\u0442\u0440\u043e\u043d\u043d\u0430 \u043f\u043e\u0448\u0442\u0430: info@sitex.de\u0406\u043d\u0442\u0435\u0440\u043d\u0435\u0442: www.sitexcare.de MEDICAL CARE Sp. z o.o \u0414\u0438\u0440\u0435\u043a\u0442\u043e\u0440\u0435. \u0413\u0435\u043d\u0435\u0440\u0430\u043b\u044c\u043d\u0438\u0439 \u0434\u0438\u0440\u0435\u043a\u0442\u043e\u0440: \u0415\u043c\u0456\u043b\u0456\u044f \u0426\u0438\u0431\u0443\u043b\u044c\u0441\u044c\u043a\u0430ul. \u0410\u043d\u0434\u0436\u0435\u044f \u041c\u0430\u043b\u044c\u043a\u043e\u0432\u0441\u044c\u043a\u043e\u0433\u043e 30\/170-304 [&hellip;]<\/p>\n","protected":false},"author":2,"featured_media":5246,"parent":0,"menu_order":0,"comment_status":"closed","ping_status":"closed","template":"","meta":{"_acf_changed":false,"footnotes":""},"class_list":["post-5785","page","type-page","status-publish","has-post-thumbnail","hentry"],"acf":[],"yoast_head":"<!-- This site is optimized with the Yoast SEO plugin v25.6 - https:\/\/yoast.com\/wordpress\/plugins\/seo\/ -->\n<title>Impressum - People and work<\/title>\n<meta name=\"robots\" content=\"index, follow, max-snippet:-1, max-image-preview:large, max-video-preview:-1\" \/>\n<link rel=\"canonical\" href=\"https:\/\/peopleandwork.eu\/uk\/impressum\/\" \/>\n<meta property=\"og:locale\" content=\"uk_UA\" \/>\n<meta property=\"og:type\" content=\"article\" \/>\n<meta property=\"og:title\" content=\"Impressum - People and work\" \/>\n<meta property=\"og:description\" content=\"PEOPLE &amp; WORK Sp. z o.o. \u0413\u0435\u043d\u0435\u0440\u0430\u043b\u044c\u043d\u0438\u0439 \u0434\u0438\u0440\u0435\u043a\u0442\u043e\u0440: \u0415\u043c\u0456\u043b\u0456\u044f \u0426\u0438\u0431\u0443\u043b\u044c\u0441\u044c\u043a\u0430ul. Jagie\u0142\u0142y 366-400 Gorz\u00f3w Wlkp.\u041f\u043e\u043b\u044c\u0449\u0430KRS: 0000879419NIP: 5993253914\u0420\u0415\u0413\u0406\u041e\u041d: 387969801 \u0422\u0435\u043b: +48 669 150 320\u0415\u043b\u0435\u043a\u0442\u0440\u043e\u043d\u043d\u0430 \u043f\u043e\u0448\u0442\u0430: info@peopleandwork.eu\u0406\u043d\u0442\u0435\u0440\u043d\u0435\u0442: www.peopleandwork.eu SITEX CARE GmbH \u041a\u0435\u0440\u0456\u0432\u043d\u0438\u043a: \u0421\u0442\u0435\u0444\u0430\u043d \u0420\u0456\u0445\u0442\u0446\u0435\u043d\u0433\u0430\u0439\u043d\u0421\u0456\u043c\u0435\u043e\u043d\u0441\u043f\u043b\u0430\u0446 632427 \u041c\u0456\u043d\u0434\u0435\u043d\u0414\u043e\u0439\u0447\u043b\u0430\u043d\u0434HR-\u043d\u043e\u043c\u0435\u0440: HRB16827 \u0422\u0435\u043b: +49 571 8888 0\u0415\u043b\u0435\u043a\u0442\u0440\u043e\u043d\u043d\u0430 \u043f\u043e\u0448\u0442\u0430: info@sitex.de\u0406\u043d\u0442\u0435\u0440\u043d\u0435\u0442: www.sitexcare.de MEDICAL CARE Sp. z o.o \u0414\u0438\u0440\u0435\u043a\u0442\u043e\u0440\u0435. \u0413\u0435\u043d\u0435\u0440\u0430\u043b\u044c\u043d\u0438\u0439 \u0434\u0438\u0440\u0435\u043a\u0442\u043e\u0440: \u0415\u043c\u0456\u043b\u0456\u044f \u0426\u0438\u0431\u0443\u043b\u044c\u0441\u044c\u043a\u0430ul. \u0410\u043d\u0434\u0436\u0435\u044f \u041c\u0430\u043b\u044c\u043a\u043e\u0432\u0441\u044c\u043a\u043e\u0433\u043e 30\/170-304 [&hellip;]\" \/>\n<meta property=\"og:url\" content=\"https:\/\/peopleandwork.eu\/uk\/impressum\/\" \/>\n<meta property=\"og:site_name\" content=\"People and work\" \/>\n<meta property=\"article:publisher\" content=\"https:\/\/www.facebook.com\/PeopleAndWorkPL\/\" \/>\n<meta property=\"article:modified_time\" content=\"2025-10-01T11:25:03+00:00\" \/>\n<meta property=\"og:image\" content=\"https:\/\/peopleandwork.eu\/wp-content\/uploads\/2024\/06\/default.jpg\" \/>\n\t<meta property=\"og:image:width\" content=\"758\" \/>\n\t<meta property=\"og:image:height\" content=\"374\" \/>\n\t<meta property=\"og:image:type\" content=\"image\/jpeg\" \/>\n<meta name=\"twitter:card\" content=\"summary_large_image\" \/>\n<meta name=\"twitter:label1\" content=\"\u041f\u0440\u0438\u0431\u043b. \u0447\u0430\u0441 \u0447\u0438\u0442\u0430\u043d\u043d\u044f\" \/>\n\t<meta name=\"twitter:data1\" content=\"2 \u0445\u0432\u0438\u043b\u0438\u043d\u0438\" \/>\n<script type=\"application\/ld+json\" class=\"yoast-schema-graph\">{\"@context\":\"https:\/\/schema.org\",\"@graph\":[{\"@type\":\"WebPage\",\"@id\":\"https:\/\/peopleandwork.eu\/uk\/impressum\/\",\"url\":\"https:\/\/peopleandwork.eu\/uk\/impressum\/\",\"name\":\"Impressum - People and work\",\"isPartOf\":{\"@id\":\"https:\/\/peopleandwork.eu\/uk\/#website\"},\"primaryImageOfPage\":{\"@id\":\"https:\/\/peopleandwork.eu\/uk\/impressum\/#primaryimage\"},\"image\":{\"@id\":\"https:\/\/peopleandwork.eu\/uk\/impressum\/#primaryimage\"},\"thumbnailUrl\":\"https:\/\/peopleandwork.eu\/wp-content\/uploads\/2024\/06\/default.jpg\",\"datePublished\":\"2024-06-15T11:29:35+00:00\",\"dateModified\":\"2025-10-01T11:25:03+00:00\",\"breadcrumb\":{\"@id\":\"https:\/\/peopleandwork.eu\/uk\/impressum\/#breadcrumb\"},\"inLanguage\":\"uk\",\"potentialAction\":[{\"@type\":\"ReadAction\",\"target\":[\"https:\/\/peopleandwork.eu\/uk\/impressum\/\"]}]},{\"@type\":\"ImageObject\",\"inLanguage\":\"uk\",\"@id\":\"https:\/\/peopleandwork.eu\/uk\/impressum\/#primaryimage\",\"url\":\"https:\/\/peopleandwork.eu\/wp-content\/uploads\/2024\/06\/default.jpg\",\"contentUrl\":\"https:\/\/peopleandwork.eu\/wp-content\/uploads\/2024\/06\/default.jpg\",\"width\":758,\"height\":374},{\"@type\":\"BreadcrumbList\",\"@id\":\"https:\/\/peopleandwork.eu\/uk\/impressum\/#breadcrumb\",\"itemListElement\":[{\"@type\":\"ListItem\",\"position\":1,\"name\":\"Home\",\"item\":\"https:\/\/peopleandwork.eu\/uk\/%d0%b3%d0%be%d0%bb%d0%be%d0%b2%d0%bd%d0%b0-%d1%81%d1%82%d0%be%d1%80%d1%96%d0%bd%d0%ba%d0%b0\/\"},{\"@type\":\"ListItem\",\"position\":2,\"name\":\"Impressum\"}]},{\"@type\":\"WebSite\",\"@id\":\"https:\/\/peopleandwork.eu\/uk\/#website\",\"url\":\"https:\/\/peopleandwork.eu\/uk\/\",\"name\":\"People and work\",\"description\":\"Znajd\u017a prac\u0119 w Polsce  i za granic\u0105\",\"publisher\":{\"@id\":\"https:\/\/peopleandwork.eu\/uk\/#organization\"},\"potentialAction\":[{\"@type\":\"SearchAction\",\"target\":{\"@type\":\"EntryPoint\",\"urlTemplate\":\"https:\/\/peopleandwork.eu\/uk\/?s={search_term_string}\"},\"query-input\":{\"@type\":\"PropertyValueSpecification\",\"valueRequired\":true,\"valueName\":\"search_term_string\"}}],\"inLanguage\":\"uk\"},{\"@type\":\"Organization\",\"@id\":\"https:\/\/peopleandwork.eu\/uk\/#organization\",\"name\":\"People and work\",\"url\":\"https:\/\/peopleandwork.eu\/uk\/\",\"logo\":{\"@type\":\"ImageObject\",\"inLanguage\":\"uk\",\"@id\":\"https:\/\/peopleandwork.eu\/uk\/#\/schema\/logo\/image\/\",\"url\":\"https:\/\/peopleandwork.eu\/wp-content\/uploads\/2024\/06\/Left.svg\",\"contentUrl\":\"https:\/\/peopleandwork.eu\/wp-content\/uploads\/2024\/06\/Left.svg\",\"width\":193,\"height\":44,\"caption\":\"People and work\"},\"image\":{\"@id\":\"https:\/\/peopleandwork.eu\/uk\/#\/schema\/logo\/image\/\"},\"sameAs\":[\"https:\/\/www.facebook.com\/PeopleAndWorkPL\/\",\"https:\/\/www.instagram.com\/explore\/locations\/100916544781368\/people-and-work\/\",\"https:\/\/www.linkedin.com\/company\/people-and-work-eu\/?originalSubdomain=pl\"]}]}<\/script>\n<!-- \/ Yoast SEO plugin. -->","yoast_head_json":{"title":"Impressum - People and work","robots":{"index":"index","follow":"follow","max-snippet":"max-snippet:-1","max-image-preview":"max-image-preview:large","max-video-preview":"max-video-preview:-1"},"canonical":"https:\/\/peopleandwork.eu\/uk\/impressum\/","og_locale":"uk_UA","og_type":"article","og_title":"Impressum - People and work","og_description":"PEOPLE &amp; WORK Sp. z o.o. \u0413\u0435\u043d\u0435\u0440\u0430\u043b\u044c\u043d\u0438\u0439 \u0434\u0438\u0440\u0435\u043a\u0442\u043e\u0440: \u0415\u043c\u0456\u043b\u0456\u044f \u0426\u0438\u0431\u0443\u043b\u044c\u0441\u044c\u043a\u0430ul. Jagie\u0142\u0142y 366-400 Gorz\u00f3w Wlkp.\u041f\u043e\u043b\u044c\u0449\u0430KRS: 0000879419NIP: 5993253914\u0420\u0415\u0413\u0406\u041e\u041d: 387969801 \u0422\u0435\u043b: +48 669 150 320\u0415\u043b\u0435\u043a\u0442\u0440\u043e\u043d\u043d\u0430 \u043f\u043e\u0448\u0442\u0430: info@peopleandwork.eu\u0406\u043d\u0442\u0435\u0440\u043d\u0435\u0442: www.peopleandwork.eu SITEX CARE GmbH \u041a\u0435\u0440\u0456\u0432\u043d\u0438\u043a: \u0421\u0442\u0435\u0444\u0430\u043d \u0420\u0456\u0445\u0442\u0446\u0435\u043d\u0433\u0430\u0439\u043d\u0421\u0456\u043c\u0435\u043e\u043d\u0441\u043f\u043b\u0430\u0446 632427 \u041c\u0456\u043d\u0434\u0435\u043d\u0414\u043e\u0439\u0447\u043b\u0430\u043d\u0434HR-\u043d\u043e\u043c\u0435\u0440: HRB16827 \u0422\u0435\u043b: +49 571 8888 0\u0415\u043b\u0435\u043a\u0442\u0440\u043e\u043d\u043d\u0430 \u043f\u043e\u0448\u0442\u0430: info@sitex.de\u0406\u043d\u0442\u0435\u0440\u043d\u0435\u0442: www.sitexcare.de MEDICAL CARE Sp. z o.o \u0414\u0438\u0440\u0435\u043a\u0442\u043e\u0440\u0435. \u0413\u0435\u043d\u0435\u0440\u0430\u043b\u044c\u043d\u0438\u0439 \u0434\u0438\u0440\u0435\u043a\u0442\u043e\u0440: \u0415\u043c\u0456\u043b\u0456\u044f \u0426\u0438\u0431\u0443\u043b\u044c\u0441\u044c\u043a\u0430ul. \u0410\u043d\u0434\u0436\u0435\u044f \u041c\u0430\u043b\u044c\u043a\u043e\u0432\u0441\u044c\u043a\u043e\u0433\u043e 30\/170-304 [&hellip;]","og_url":"https:\/\/peopleandwork.eu\/uk\/impressum\/","og_site_name":"People and work","article_publisher":"https:\/\/www.facebook.com\/PeopleAndWorkPL\/","article_modified_time":"2025-10-01T11:25:03+00:00","og_image":[{"width":758,"height":374,"url":"https:\/\/peopleandwork.eu\/wp-content\/uploads\/2024\/06\/default.jpg","type":"image\/jpeg"}],"twitter_card":"summary_large_image","twitter_misc":{"\u041f\u0440\u0438\u0431\u043b. \u0447\u0430\u0441 \u0447\u0438\u0442\u0430\u043d\u043d\u044f":"2 \u0445\u0432\u0438\u043b\u0438\u043d\u0438"},"schema":{"@context":"https:\/\/schema.org","@graph":[{"@type":"WebPage","@id":"https:\/\/peopleandwork.eu\/uk\/impressum\/","url":"https:\/\/peopleandwork.eu\/uk\/impressum\/","name":"Impressum - People and work","isPartOf":{"@id":"https:\/\/peopleandwork.eu\/uk\/#website"},"primaryImageOfPage":{"@id":"https:\/\/peopleandwork.eu\/uk\/impressum\/#primaryimage"},"image":{"@id":"https:\/\/peopleandwork.eu\/uk\/impressum\/#primaryimage"},"thumbnailUrl":"https:\/\/peopleandwork.eu\/wp-content\/uploads\/2024\/06\/default.jpg","datePublished":"2024-06-15T11:29:35+00:00","dateModified":"2025-10-01T11:25:03+00:00","breadcrumb":{"@id":"https:\/\/peopleandwork.eu\/uk\/impressum\/#breadcrumb"},"inLanguage":"uk","potentialAction":[{"@type":"ReadAction","target":["https:\/\/peopleandwork.eu\/uk\/impressum\/"]}]},{"@type":"ImageObject","inLanguage":"uk","@id":"https:\/\/peopleandwork.eu\/uk\/impressum\/#primaryimage","url":"https:\/\/peopleandwork.eu\/wp-content\/uploads\/2024\/06\/default.jpg","contentUrl":"https:\/\/peopleandwork.eu\/wp-content\/uploads\/2024\/06\/default.jpg","width":758,"height":374},{"@type":"BreadcrumbList","@id":"https:\/\/peopleandwork.eu\/uk\/impressum\/#breadcrumb","itemListElement":[{"@type":"ListItem","position":1,"name":"Home","item":"https:\/\/peopleandwork.eu\/uk\/%d0%b3%d0%be%d0%bb%d0%be%d0%b2%d0%bd%d0%b0-%d1%81%d1%82%d0%be%d1%80%d1%96%d0%bd%d0%ba%d0%b0\/"},{"@type":"ListItem","position":2,"name":"Impressum"}]},{"@type":"WebSite","@id":"https:\/\/peopleandwork.eu\/uk\/#website","url":"https:\/\/peopleandwork.eu\/uk\/","name":"People and work","description":"Znajd\u017a prac\u0119 w Polsce  i za granic\u0105","publisher":{"@id":"https:\/\/peopleandwork.eu\/uk\/#organization"},"potentialAction":[{"@type":"SearchAction","target":{"@type":"EntryPoint","urlTemplate":"https:\/\/peopleandwork.eu\/uk\/?s={search_term_string}"},"query-input":{"@type":"PropertyValueSpecification","valueRequired":true,"valueName":"search_term_string"}}],"inLanguage":"uk"},{"@type":"Organization","@id":"https:\/\/peopleandwork.eu\/uk\/#organization","name":"People and work","url":"https:\/\/peopleandwork.eu\/uk\/","logo":{"@type":"ImageObject","inLanguage":"uk","@id":"https:\/\/peopleandwork.eu\/uk\/#\/schema\/logo\/image\/","url":"https:\/\/peopleandwork.eu\/wp-content\/uploads\/2024\/06\/Left.svg","contentUrl":"https:\/\/peopleandwork.eu\/wp-content\/uploads\/2024\/06\/Left.svg","width":193,"height":44,"caption":"People and work"},"image":{"@id":"https:\/\/peopleandwork.eu\/uk\/#\/schema\/logo\/image\/"},"sameAs":["https:\/\/www.facebook.com\/PeopleAndWorkPL\/","https:\/\/www.instagram.com\/explore\/locations\/100916544781368\/people-and-work\/","https:\/\/www.linkedin.com\/company\/people-and-work-eu\/?originalSubdomain=pl"]}]}},"_links":{"self":[{"href":"https:\/\/peopleandwork.eu\/uk\/wp-json\/wp\/v2\/pages\/5785","targetHints":{"allow":["GET"]}}],"collection":[{"href":"https:\/\/peopleandwork.eu\/uk\/wp-json\/wp\/v2\/pages"}],"about":[{"href":"https:\/\/peopleandwork.eu\/uk\/wp-json\/wp\/v2\/types\/page"}],"author":[{"embeddable":true,"href":"https:\/\/peopleandwork.eu\/uk\/wp-json\/wp\/v2\/users\/2"}],"replies":[{"embeddable":true,"href":"https:\/\/peopleandwork.eu\/uk\/wp-json\/wp\/v2\/comments?post=5785"}],"version-history":[{"count":5,"href":"https:\/\/peopleandwork.eu\/uk\/wp-json\/wp\/v2\/pages\/5785\/revisions"}],"predecessor-version":[{"id":8233,"href":"https:\/\/peopleandwork.eu\/uk\/wp-json\/wp\/v2\/pages\/5785\/revisions\/8233"}],"wp:featuredmedia":[{"embeddable":true,"href":"https:\/\/peopleandwork.eu\/uk\/wp-json\/wp\/v2\/media\/5246"}],"wp:attachment":[{"href":"https:\/\/peopleandwork.eu\/uk\/wp-json\/wp\/v2\/media?parent=5785"}],"curies":[{"name":"wp","href":"https:\/\/api.w.org\/{rel}","templated":true}]}}