{"id":5704,"date":"2024-06-10T17:05:14","date_gmt":"2024-06-10T15:05:14","guid":{"rendered":"https:\/\/peopleandwork.eu\/%d0%bf%d0%be%d0%b4%d0%b0%d1%82%d0%b8-%d0%b7%d0%b0%d1%8f%d0%b2%d0%ba%d1%83-%d0%b7%d0%b0%d1%80%d0%b0%d0%b7\/"},"modified":"2024-08-22T14:53:24","modified_gmt":"2024-08-22T12:53:24","slug":"%d0%bf%d0%be%d0%b4%d0%b0%d1%82%d0%b8-%d0%b7%d0%b0%d1%8f%d0%b2%d0%ba%d1%83-%d0%b7%d0%b0%d1%80%d0%b0%d0%b7","status":"publish","type":"page","link":"https:\/\/peopleandwork.eu\/uk\/%d0%bf%d0%be%d0%b4%d0%b0%d1%82%d0%b8-%d0%b7%d0%b0%d1%8f%d0%b2%d0%ba%d1%83-%d0%b7%d0%b0%d1%80%d0%b0%d0%b7\/","title":{"rendered":"\u041f\u043e\u0434\u0430\u0442\u0438 \u0437\u0430\u044f\u0432\u043a\u0443 \u0437\u0430\u0440\u0430\u0437"},"content":{"rendered":"\t\t<div data-elementor-type=\"wp-page\" data-elementor-id=\"5704\" class=\"elementor elementor-5704 elementor-5336\" data-elementor-post-type=\"page\">\n\t\t\t\t<div class=\"elementor-element elementor-element-cd8fc4c e-con-full e-flex e-con e-parent\" data-id=\"cd8fc4c\" data-element_type=\"container\">\n\t\t\t\t<div class=\"elementor-element elementor-element-07750b9 elementor-widget elementor-widget-template\" data-id=\"07750b9\" data-element_type=\"widget\" data-widget_type=\"template.default\">\n\t\t\t\t<div class=\"elementor-widget-container\">\n\t\t\t\t\t\t\t<div class=\"elementor-template\">\n\t\t\t\t\t<div data-elementor-type=\"container\" data-elementor-id=\"5282\" class=\"elementor elementor-5282\" data-elementor-post-type=\"elementor_library\">\n\t\t\t\t<div class=\"elementor-element elementor-element-758e7f71 e-con-full e-flex e-con e-parent\" data-id=\"758e7f71\" data-element_type=\"container\" data-settings=\"{&quot;background_background&quot;:&quot;classic&quot;}\">\n\t\t<div class=\"elementor-element elementor-element-3d73945 e-con-full e-flex e-con e-child\" data-id=\"3d73945\" data-element_type=\"container\">\n\t\t<div class=\"elementor-element elementor-element-48f623e3 radius-large e-flex e-con-boxed e-con e-child\" data-id=\"48f623e3\" data-element_type=\"container\" data-settings=\"{&quot;background_background&quot;:&quot;gradient&quot;}\">\n\t\t\t\t\t<div class=\"e-con-inner\">\n\t\t\t\t<div class=\"elementor-element elementor-element-384916f6 breadcrumbs elementor-widget elementor-widget-shortcode\" data-id=\"384916f6\" data-element_type=\"widget\" data-widget_type=\"shortcode.default\">\n\t\t\t\t<div class=\"elementor-widget-container\">\n\t\t\t\t\t\t\t<div class=\"elementor-shortcode\"><span><span><a href=\"https:\/\/peopleandwork.eu\/uk\/%d0%b3%d0%be%d0%bb%d0%be%d0%b2%d0%bd%d0%b0-%d1%81%d1%82%d0%be%d1%80%d1%96%d0%bd%d0%ba%d0%b0\/\">Home<\/a><\/span><\/span><\/div>\n\t\t\t\t\t\t<\/div>\n\t\t\t\t<\/div>\n\t\t\t\t<div class=\"elementor-element elementor-element-374228a5 elementor-widget elementor-widget-heading\" data-id=\"374228a5\" data-element_type=\"widget\" data-widget_type=\"heading.default\">\n\t\t\t\t<div class=\"elementor-widget-container\">\n\t\t\t\t\t<h1 class=\"elementor-heading-title elementor-size-default\">\u041f\u043e\u0434\u0430\u0442\u0438 \u0437\u0430\u044f\u0432\u043a\u0443 \u0437\u0430\u0440\u0430\u0437<\/h1>\t\t\t\t<\/div>\n\t\t\t\t<\/div>\n\t\t\t\t\t<\/div>\n\t\t\t\t<\/div>\n\t\t\t\t<\/div>\n\t\t\t\t<\/div>\n\t\t\t\t<\/div>\n\t\t\t\t<\/div>\n\t\t\t\t\t\t<\/div>\n\t\t\t\t<\/div>\n\t\t\t\t<\/div>\n\t\t<div class=\"elementor-element elementor-element-6ba18d5 section-padding e-flex e-con-boxed e-con e-parent\" data-id=\"6ba18d5\" data-element_type=\"container\">\n\t\t\t\t\t<div class=\"e-con-inner\">\n\t\t<div class=\"elementor-element elementor-element-5d598ef shadow-big e-flex e-con-boxed e-con e-child\" data-id=\"5d598ef\" data-element_type=\"container\">\n\t\t\t\t\t<div class=\"e-con-inner\">\n\t\t\t\t<div class=\"elementor-element elementor-element-70b3bfe elementor-widget elementor-widget-heading\" data-id=\"70b3bfe\" data-element_type=\"widget\" data-widget_type=\"heading.default\">\n\t\t\t\t<div class=\"elementor-widget-container\">\n\t\t\t\t\t<h3 class=\"elementor-heading-title elementor-size-default\">\u041d\u0430\u0434\u0456\u0448\u043b\u0456\u0442\u044c \u0441\u0432\u043e\u0454 \u0440\u0435\u0437\u044e\u043c\u0435<\/h3>\t\t\t\t<\/div>\n\t\t\t\t<\/div>\n\t\t\t\t<div class=\"elementor-element elementor-element-b2df17d elementor-button-align-start elementor-widget elementor-widget-form\" data-id=\"b2df17d\" data-element_type=\"widget\" data-settings=\"{&quot;step_next_label&quot;:&quot;\\u0414\\u0430\\u043b\\u0456&quot;,&quot;step_previous_label&quot;:&quot;\\u041f\\u043e\\u043f\\u0435\\u0440\\u0435\\u0434\\u043d\\u0456&quot;,&quot;button_width&quot;:&quot;100&quot;,&quot;step_type&quot;:&quot;number_text&quot;,&quot;step_icon_shape&quot;:&quot;circle&quot;}\" data-widget_type=\"form.default\">\n\t\t\t\t<div class=\"elementor-widget-container\">\n\t\t\t\t\t\t\t<form class=\"elementor-form\" method=\"post\" name=\"\u041f\u043e\u0434\u0430\u0442\u0438 \u0437\u0430\u044f\u0432\u043a\u0443\" aria-label=\"\u041f\u043e\u0434\u0430\u0442\u0438 \u0437\u0430\u044f\u0432\u043a\u0443\">\n\t\t\t<input type=\"hidden\" name=\"post_id\" value=\"5704\"\/>\n\t\t\t<input type=\"hidden\" name=\"form_id\" value=\"b2df17d\"\/>\n\t\t\t<input type=\"hidden\" name=\"referer_title\" value=\"\u041f\u043e\u0434\u0430\u0442\u0438 \u0437\u0430\u044f\u0432\u043a\u0443 \u0437\u0430\u0440\u0430\u0437 - People and work\" \/>\n\n\t\t\t\t\t\t\t<input type=\"hidden\" name=\"queried_id\" value=\"5704\"\/>\n\t\t\t\n\t\t\t<div class=\"elementor-form-fields-wrapper elementor-labels-above\">\n\t\t\t\t\t\t\t\t<div class=\"elementor-field-type-text elementor-field-group elementor-column elementor-field-group-name elementor-col-100 elementor-field-required\">\n\t\t\t\t\t\t\t\t\t\t\t\t<label for=\"form-field-name\" class=\"elementor-field-label\">\n\t\t\t\t\t\t\t\t\u0406\u043c'\u044f.\t\t\t\t\t\t\t<\/label>\n\t\t\t\t\t\t\t\t\t\t\t\t\t\t<input size=\"1\" type=\"text\" name=\"form_fields[name]\" id=\"form-field-name\" class=\"elementor-field elementor-size-sm  elementor-field-textual\" required=\"required\">\n\t\t\t\t\t\t\t\t\t\t\t<\/div>\n\t\t\t\t\t\t\t\t<div class=\"elementor-field-type-email elementor-field-group elementor-column elementor-field-group-email elementor-col-50 elementor-field-required\">\n\t\t\t\t\t\t\t\t\t\t\t\t<label for=\"form-field-email\" class=\"elementor-field-label\">\n\t\t\t\t\t\t\t\t\u0415\u043b\u0435\u043a\u0442\u0440\u043e\u043d\u043d\u0430 \u043f\u043e\u0448\u0442\u0430\t\t\t\t\t\t\t<\/label>\n\t\t\t\t\t\t\t\t\t\t\t\t\t\t<input size=\"1\" type=\"email\" name=\"form_fields[email]\" id=\"form-field-email\" class=\"elementor-field elementor-size-sm  elementor-field-textual\" required=\"required\">\n\t\t\t\t\t\t\t\t\t\t\t<\/div>\n\t\t\t\t\t\t\t\t<div class=\"elementor-field-type-select elementor-field-group elementor-column elementor-field-group-field_e5264f0 elementor-col-50 elementor-field-required\">\n\t\t\t\t\t\t\t\t\t\t\t\t<label for=\"form-field-field_e5264f0\" class=\"elementor-field-label\">\n\t\t\t\t\t\t\t\t\u041c\u0456\u0441\u0446\u0435 \u0440\u043e\u0431\u043e\u0442\u0438\t\t\t\t\t\t\t<\/label>\n\t\t\t\t\t\t\t\t<div class=\"elementor-field elementor-select-wrapper remove-before \">\n\t\t\t<div class=\"select-caret-down-wrapper\">\n\t\t\t\t<i aria-hidden=\"true\" class=\"eicon-caret-down\"><\/i>\t\t\t<\/div>\n\t\t\t<select name=\"form_fields[field_e5264f0]\" id=\"form-field-field_e5264f0\" class=\"elementor-field-textual elementor-size-sm\" required=\"required\">\n\t\t\t\t\t\t\t\t\t<option value=\"\u041f\u043e\u043b\u044c\u0449\u0430\">\u041f\u043e\u043b\u044c\u0449\u0430<\/option>\n\t\t\t\t\t\t\t\t\t<option value=\"\u041d\u0456\u043c\u0435\u0447\u0447\u0438\u043d\u0430\">\u041d\u0456\u043c\u0435\u0447\u0447\u0438\u043d\u0430<\/option>\n\t\t\t\t\t\t\t\t\t<option value=\"\u041d\u0456\u0434\u0435\u0440\u043b\u0430\u043d\u0434\u0438\">\u041d\u0456\u0434\u0435\u0440\u043b\u0430\u043d\u0434\u0438<\/option>\n\t\t\t\t\t\t\t\t\t<option value=\"\u0412\u0438\u0431\u0435\u0440\u0456\u0442\u044c\">\u0412\u0438\u0431\u0435\u0440\u0456\u0442\u044c<\/option>\n\t\t\t\t\t\t\t<\/select>\n\t\t<\/div>\n\t\t\t\t\t\t<\/div>\n\t\t\t\t\t\t\t\t<div class=\"elementor-field-type-select elementor-field-group elementor-column elementor-field-group-field_c795afa elementor-col-100\">\n\t\t\t\t\t\t\t\t\t\t\t\t<label for=\"form-field-field_c795afa\" class=\"elementor-field-label\">\n\t\t\t\t\t\t\t\t\u041f\u043e\u0437\u0438\u0446\u0456\u044f!\t\t\t\t\t\t\t<\/label>\n\t\t\t\t\t\t\t\t<div class=\"elementor-field elementor-select-wrapper remove-before \">\n\t\t\t<div class=\"select-caret-down-wrapper\">\n\t\t\t\t<i aria-hidden=\"true\" class=\"eicon-caret-down\"><\/i>\t\t\t<\/div>\n\t\t\t<select name=\"form_fields[field_c795afa]\" id=\"form-field-field_c795afa\" class=\"elementor-field-textual elementor-size-sm\">\n\t\t\t\t\t\t\t\t\t<option value=\"\u0412\u0438\u0431\u0435\u0440\u0456\u0442\u044c\">\u0412\u0438\u0431\u0435\u0440\u0456\u0442\u044c<\/option>\n\t\t\t\t\t\t\t\t\t<option value=\"\u041b\u043e\u0433\u0456\u0441\u0442\u0438\u043a\u0430\/\u0441\u043a\u043b\u0430\u0434\">\u041b\u043e\u0433\u0456\u0441\u0442\u0438\u043a\u0430\/\u0441\u043a\u043b\u0430\u0434<\/option>\n\t\t\t\t\t\t\t\t\t<option value=\"\u041f\u0440\u0430\u043b\u044c\u043d\u044f\">\u041f\u0440\u0430\u043b\u044c\u043d\u044f<\/option>\n\t\t\t\t\t\t\t\t\t<option value=\"\u0412\u043e\u0434\u0456\u0457\">\u0412\u043e\u0434\u0456\u0457<\/option>\n\t\t\t\t\t\t\t\t\t<option value=\"\u0417\u0432\u0430\u0440\u044e\u0432\u0430\u043b\u044c\u043d\u0438\u043a\/\u0437\u0432\u0430\u0440\u044e\u0432\u0430\u043b\u044c\u043d\u0438\u043a\">\u0417\u0432\u0430\u0440\u044e\u0432\u0430\u043b\u044c\u043d\u0438\u043a\/\u0437\u0432\u0430\u0440\u044e\u0432\u0430\u043b\u044c\u043d\u0438\u043a<\/option>\n\t\t\t\t\t\t\t\t\t<option value=\"\u0421\u043b\u044e\u0441\u0430\u0440\u0456\">\u0421\u043b\u044e\u0441\u0430\u0440\u0456<\/option>\n\t\t\t\t\t\t\t\t\t<option value=\"\u0424\u0456\u0437\u0438\u0447\u043d\u0430 \u0440\u043e\u0431\u043e\u0442\u0430\">\u0424\u0456\u0437\u0438\u0447\u043d\u0430 \u0440\u043e\u0431\u043e\u0442\u0430<\/option>\n\t\t\t\t\t\t\t\t\t<option value=\"\u041e\u0444\u0456\u0441\u043d\u0430 \u0440\u043e\u0431\u043e\u0442\u0430\">\u041e\u0444\u0456\u0441\u043d\u0430 \u0440\u043e\u0431\u043e\u0442\u0430<\/option>\n\t\t\t\t\t\t\t\t\t<option value=\"\u041c\u0435\u0434\u0438\u0447\u043d\u0430 \u0440\u043e\u0431\u043e\u0442\u0430 - \u041c\u0435\u0434\u0438\u0446\u0438\u043d\u0430\">\u041c\u0435\u0434\u0438\u0447\u043d\u0430 \u0440\u043e\u0431\u043e\u0442\u0430 - \u041c\u0435\u0434\u0438\u0446\u0438\u043d\u0430<\/option>\n\t\t\t\t\t\t\t\t\t<option value=\"\u0406\u043d\u0448\u0435\">\u0406\u043d\u0448\u0435<\/option>\n\t\t\t\t\t\t\t<\/select>\n\t\t<\/div>\n\t\t\t\t\t\t<\/div>\n\t\t\t\t\t\t\t\t<div class=\"elementor-field-type-upload elementor-field-group elementor-column elementor-field-group-field_119b436 elementor-col-100 elementor-field-required\">\n\t\t\t\t\t\t\t\t\t\t\t\t<label for=\"form-field-field_119b436\" class=\"elementor-field-label\">\n\t\t\t\t\t\t\t\t\u0420\u0435\u0437\u044e\u043c\u0435 \u0442\u0430 \u0441\u0443\u043f\u0440\u043e\u0432\u0456\u0434\u043d\u0438\u0439 \u043b\u0438\u0441\u0442\t\t\t\t\t\t\t<\/label>\n\t\t\t\t\t\t\t\t<input type=\"file\" name=\"form_fields[field_119b436][]\" id=\"form-field-field_119b436\" class=\"elementor-field elementor-size-sm  elementor-upload-field\" required=\"required\" multiple=\"multiple\" data-maxsize=\"5\" data-maxsize-message=\"\u0426\u044c\u043e\u0433\u043e \u0444\u0430\u0439\u043b\u0443 \u043f\u0435\u0440\u0435\u0432\u0438\u0449\u0443\u0454 \u043c\u0430\u043a\u0441\u0438\u043c\u0430\u043b\u044c\u043d\u043e \u0434\u043e\u0437\u0432\u043e\u043b\u0435\u043d\u0438\u0439 \u0440\u043e\u0437\u043c\u0456\u0440.\">\n\n\t\t\t\t\t\t<\/div>\n\t\t\t\t\t\t\t\t<div class=\"elementor-field-type-acceptance elementor-field-group elementor-column elementor-field-group-field_5c88045 elementor-col-100 elementor-field-required\">\n\t\t\t\t\t\t\t<div class=\"elementor-field-subgroup\">\n\t\t\t<span class=\"elementor-field-option\">\n\t\t\t\t<input type=\"checkbox\" name=\"form_fields[field_5c88045]\" id=\"form-field-field_5c88045\" class=\"elementor-field elementor-size-sm  elementor-acceptance-field\" required=\"required\">\n\t\t\t\t<label for=\"form-field-field_5c88045\">\u042f \u0434\u0430\u044e \u0437\u0433\u043e\u0434\u0443 \u043d\u0430 \u043e\u0431\u0440\u043e\u0431\u043a\u0443 \u043c\u043e\u0457\u0445 \u043f\u0435\u0440\u0441\u043e\u043d\u0430\u043b\u044c\u043d\u0438\u0445 \u0434\u0430\u043d\u0438\u0445, \u0449\u043e \u043c\u0456\u0441\u0442\u044f\u0442\u044c\u0441\u044f \u0432 \u043a\u043e\u043d\u0442\u0430\u043a\u0442\u043d\u0456\u0439 \u0444\u043e\u0440\u043c\u0456 \u0442\u0430 \u0434\u043e\u0434\u0430\u043d\u043e\u043c\u0443 \u0434\u043e \u043d\u0435\u0457 \u0440\u0435\u0437\u044e\u043c\u0435, \u043a\u043e\u043c\u043f\u0430\u043d\u0456\u0454\u044e People &amp; Work \u0437 \u043c\u0435\u0442\u043e\u044e \u043f\u0440\u0435\u0434\u0441\u0442\u0430\u0432\u043b\u0435\u043d\u043d\u044f \u043c\u0435\u043d\u0456 \u043c\u043e\u0436\u043b\u0438\u0432\u0438\u0445 \u043f\u0440\u043e\u043f\u043e\u0437\u0438\u0446\u0456\u0439 \u0449\u043e\u0434\u043e \u043f\u0440\u0430\u0446\u0435\u0432\u043b\u0430\u0448\u0442\u0443\u0432\u0430\u043d\u043d\u044f, \u0432\u0456\u0434\u043f\u043e\u0432\u0456\u0434\u043d\u043e \u0434\u043e \u043f\u043e\u043b\u043e\u0436\u0435\u043d\u044c \u0417\u0430\u043a\u043e\u043d\u0443 \u0432\u0456\u0434 10 \u0442\u0440\u0430\u0432\u043d\u044f 2018 \u0440\u043e\u043a\u0443. \u043f\u0440\u043e \u0437\u0430\u0445\u0438\u0441\u0442 \u043f\u0435\u0440\u0441\u043e\u043d\u0430\u043b\u044c\u043d\u0438\u0445 \u0434\u0430\u043d\u0438\u0445 (\u0417\u0430\u043a\u043e\u043d\u043e\u0434\u0430\u0432\u0447\u0438\u0439 \u0432\u0456\u0441\u043d\u0438\u043a 2018, \u043f\u043e\u0437. 1000) \u0442\u0430 \u0420\u0435\u0433\u043b\u0430\u043c\u0435\u043d\u0442 \u0404\u0432\u0440\u043e\u043f\u0435\u0439\u0441\u044c\u043a\u043e\u0433\u043e \u041f\u0430\u0440\u043b\u0430\u043c\u0435\u043d\u0442\u0443 \u0442\u0430 \u0420\u0430\u0434\u0438 (\u0404\u0421) 2016\/679 \u0432\u0456\u0434 27 \u043a\u0432\u0456\u0442\u043d\u044f 2016 \u0440\u043e\u043a\u0443. \u043f\u0440\u043e \u0437\u0430\u0445\u0438\u0441\u0442 \u0444\u0456\u0437\u0438\u0447\u043d\u0438\u0445 \u043e\u0441\u0456\u0431 \u0443 \u0437\u0432'\u044f\u0437\u043a\u0443 \u0437 \u043e\u0431\u0440\u043e\u0431\u043a\u043e\u044e \u043f\u0435\u0440\u0441\u043e\u043d\u0430\u043b\u044c\u043d\u0438\u0445 \u0434\u0430\u043d\u0438\u0445 \u0442\u0430 \u043f\u0440\u043e \u0432\u0456\u043b\u044c\u043d\u0438\u0439 \u0440\u0443\u0445 \u0442\u0430\u043a\u0438\u0445 \u0434\u0430\u043d\u0438\u0445 (RODO).<\/label>\t\t\t<\/span>\n\t\t<\/div>\n\t\t\t\t\t\t<\/div>\n\t\t\t\t\t\t\t\t<div class=\"elementor-field-group elementor-column elementor-field-type-submit elementor-col-100 e-form__buttons\">\n\t\t\t\t\t<button class=\"elementor-button elementor-size-sm\" type=\"submit\">\n\t\t\t\t\t\t<span class=\"elementor-button-content-wrapper\">\n\t\t\t\t\t\t\t\t\t\t\t\t\t\t\t<span class=\"elementor-button-icon\">\n\t\t\t\t\t\t\t\t\t<i aria-hidden=\"true\" class=\"fas fa-chevron-right\"><\/i>\t\t\t\t\t\t\t\t\t\t\t\t\t\t\t\t\t<\/span>\n\t\t\t\t\t\t\t\t\t\t\t\t\t\t\t\t\t\t\t\t\t\t<span class=\"elementor-button-text\">\u041d\u0430\u0434\u0456\u0441\u043b\u0430\u0442\u0438<\/span>\n\t\t\t\t\t\t\t\t\t\t\t\t\t<\/span>\n\t\t\t\t\t<\/button>\n\t\t\t\t<\/div>\n\t\t\t<\/div>\n\t\t<\/form>\n\t\t\t\t\t\t<\/div>\n\t\t\t\t<\/div>\n\t\t\t\t\t<\/div>\n\t\t\t\t<\/div>\n\t\t\t\t\t<\/div>\n\t\t\t\t<\/div>\n\t\t\t\t<\/div>\n\t\t","protected":false},"excerpt":{"rendered":"<p>\u041d\u0430\u0434\u0456\u0448\u043b\u0456\u0442\u044c \u0441\u0432\u043e\u0454 \u0440\u0435\u0437\u044e\u043c\u0435<\/p>\n","protected":false},"author":2,"featured_media":5246,"parent":0,"menu_order":0,"comment_status":"closed","ping_status":"closed","template":"","meta":{"_acf_changed":false,"footnotes":""},"class_list":["post-5704","page","type-page","status-publish","has-post-thumbnail","hentry"],"acf":[],"yoast_head":"<!-- This site is optimized with the Yoast SEO plugin v25.6 - https:\/\/yoast.com\/wordpress\/plugins\/seo\/ -->\n<title>\u041f\u043e\u0434\u0430\u0442\u0438 \u0437\u0430\u044f\u0432\u043a\u0443 \u0437\u0430\u0440\u0430\u0437 - People and work<\/title>\n<meta name=\"robots\" content=\"index, follow, max-snippet:-1, max-image-preview:large, max-video-preview:-1\" \/>\n<link rel=\"canonical\" href=\"https:\/\/peopleandwork.eu\/uk\/%d0%bf%d0%be%d0%b4%d0%b0%d1%82%d0%b8-%d0%b7%d0%b0%d1%8f%d0%b2%d0%ba%d1%83-%d0%b7%d0%b0%d1%80%d0%b0%d0%b7\/\" \/>\n<meta property=\"og:locale\" content=\"uk_UA\" \/>\n<meta property=\"og:type\" content=\"article\" \/>\n<meta property=\"og:title\" content=\"\u041f\u043e\u0434\u0430\u0442\u0438 \u0437\u0430\u044f\u0432\u043a\u0443 \u0437\u0430\u0440\u0430\u0437 - People and work\" \/>\n<meta property=\"og:description\" content=\"\u041d\u0430\u0434\u0456\u0448\u043b\u0456\u0442\u044c \u0441\u0432\u043e\u0454 \u0440\u0435\u0437\u044e\u043c\u0435\" \/>\n<meta property=\"og:url\" content=\"https:\/\/peopleandwork.eu\/uk\/%d0%bf%d0%be%d0%b4%d0%b0%d1%82%d0%b8-%d0%b7%d0%b0%d1%8f%d0%b2%d0%ba%d1%83-%d0%b7%d0%b0%d1%80%d0%b0%d0%b7\/\" \/>\n<meta property=\"og:site_name\" content=\"People and work\" \/>\n<meta property=\"article:publisher\" content=\"https:\/\/www.facebook.com\/PeopleAndWorkPL\/\" \/>\n<meta property=\"article:modified_time\" content=\"2024-08-22T12:53:24+00:00\" \/>\n<meta property=\"og:image\" content=\"https:\/\/peopleandwork.eu\/wp-content\/uploads\/2024\/06\/default.jpg\" \/>\n\t<meta property=\"og:image:width\" content=\"758\" \/>\n\t<meta property=\"og:image:height\" content=\"374\" \/>\n\t<meta property=\"og:image:type\" content=\"image\/jpeg\" \/>\n<meta name=\"twitter:card\" content=\"summary_large_image\" \/>\n<script type=\"application\/ld+json\" class=\"yoast-schema-graph\">{\"@context\":\"https:\/\/schema.org\",\"@graph\":[{\"@type\":\"WebPage\",\"@id\":\"https:\/\/peopleandwork.eu\/uk\/%d0%bf%d0%be%d0%b4%d0%b0%d1%82%d0%b8-%d0%b7%d0%b0%d1%8f%d0%b2%d0%ba%d1%83-%d0%b7%d0%b0%d1%80%d0%b0%d0%b7\/\",\"url\":\"https:\/\/peopleandwork.eu\/uk\/%d0%bf%d0%be%d0%b4%d0%b0%d1%82%d0%b8-%d0%b7%d0%b0%d1%8f%d0%b2%d0%ba%d1%83-%d0%b7%d0%b0%d1%80%d0%b0%d0%b7\/\",\"name\":\"\u041f\u043e\u0434\u0430\u0442\u0438 \u0437\u0430\u044f\u0432\u043a\u0443 \u0437\u0430\u0440\u0430\u0437 - People and work\",\"isPartOf\":{\"@id\":\"https:\/\/peopleandwork.eu\/uk\/#website\"},\"primaryImageOfPage\":{\"@id\":\"https:\/\/peopleandwork.eu\/uk\/%d0%bf%d0%be%d0%b4%d0%b0%d1%82%d0%b8-%d0%b7%d0%b0%d1%8f%d0%b2%d0%ba%d1%83-%d0%b7%d0%b0%d1%80%d0%b0%d0%b7\/#primaryimage\"},\"image\":{\"@id\":\"https:\/\/peopleandwork.eu\/uk\/%d0%bf%d0%be%d0%b4%d0%b0%d1%82%d0%b8-%d0%b7%d0%b0%d1%8f%d0%b2%d0%ba%d1%83-%d0%b7%d0%b0%d1%80%d0%b0%d0%b7\/#primaryimage\"},\"thumbnailUrl\":\"https:\/\/peopleandwork.eu\/wp-content\/uploads\/2024\/06\/default.jpg\",\"datePublished\":\"2024-06-10T15:05:14+00:00\",\"dateModified\":\"2024-08-22T12:53:24+00:00\",\"breadcrumb\":{\"@id\":\"https:\/\/peopleandwork.eu\/uk\/%d0%bf%d0%be%d0%b4%d0%b0%d1%82%d0%b8-%d0%b7%d0%b0%d1%8f%d0%b2%d0%ba%d1%83-%d0%b7%d0%b0%d1%80%d0%b0%d0%b7\/#breadcrumb\"},\"inLanguage\":\"uk\",\"potentialAction\":[{\"@type\":\"ReadAction\",\"target\":[\"https:\/\/peopleandwork.eu\/uk\/%d0%bf%d0%be%d0%b4%d0%b0%d1%82%d0%b8-%d0%b7%d0%b0%d1%8f%d0%b2%d0%ba%d1%83-%d0%b7%d0%b0%d1%80%d0%b0%d0%b7\/\"]}]},{\"@type\":\"ImageObject\",\"inLanguage\":\"uk\",\"@id\":\"https:\/\/peopleandwork.eu\/uk\/%d0%bf%d0%be%d0%b4%d0%b0%d1%82%d0%b8-%d0%b7%d0%b0%d1%8f%d0%b2%d0%ba%d1%83-%d0%b7%d0%b0%d1%80%d0%b0%d0%b7\/#primaryimage\",\"url\":\"https:\/\/peopleandwork.eu\/wp-content\/uploads\/2024\/06\/default.jpg\",\"contentUrl\":\"https:\/\/peopleandwork.eu\/wp-content\/uploads\/2024\/06\/default.jpg\",\"width\":758,\"height\":374},{\"@type\":\"BreadcrumbList\",\"@id\":\"https:\/\/peopleandwork.eu\/uk\/%d0%bf%d0%be%d0%b4%d0%b0%d1%82%d0%b8-%d0%b7%d0%b0%d1%8f%d0%b2%d0%ba%d1%83-%d0%b7%d0%b0%d1%80%d0%b0%d0%b7\/#breadcrumb\",\"itemListElement\":[{\"@type\":\"ListItem\",\"position\":1,\"name\":\"Home\",\"item\":\"https:\/\/peopleandwork.eu\/uk\/%d0%b3%d0%be%d0%bb%d0%be%d0%b2%d0%bd%d0%b0-%d1%81%d1%82%d0%be%d1%80%d1%96%d0%bd%d0%ba%d0%b0\/\"},{\"@type\":\"ListItem\",\"position\":2,\"name\":\"\u041f\u043e\u0434\u0430\u0442\u0438 \u0437\u0430\u044f\u0432\u043a\u0443 \u0437\u0430\u0440\u0430\u0437\"}]},{\"@type\":\"WebSite\",\"@id\":\"https:\/\/peopleandwork.eu\/uk\/#website\",\"url\":\"https:\/\/peopleandwork.eu\/uk\/\",\"name\":\"People and work\",\"description\":\"Znajd\u017a prac\u0119 w Polsce  i za granic\u0105\",\"publisher\":{\"@id\":\"https:\/\/peopleandwork.eu\/uk\/#organization\"},\"potentialAction\":[{\"@type\":\"SearchAction\",\"target\":{\"@type\":\"EntryPoint\",\"urlTemplate\":\"https:\/\/peopleandwork.eu\/uk\/?s={search_term_string}\"},\"query-input\":{\"@type\":\"PropertyValueSpecification\",\"valueRequired\":true,\"valueName\":\"search_term_string\"}}],\"inLanguage\":\"uk\"},{\"@type\":\"Organization\",\"@id\":\"https:\/\/peopleandwork.eu\/uk\/#organization\",\"name\":\"People and work\",\"url\":\"https:\/\/peopleandwork.eu\/uk\/\",\"logo\":{\"@type\":\"ImageObject\",\"inLanguage\":\"uk\",\"@id\":\"https:\/\/peopleandwork.eu\/uk\/#\/schema\/logo\/image\/\",\"url\":\"https:\/\/peopleandwork.eu\/wp-content\/uploads\/2024\/06\/Left.svg\",\"contentUrl\":\"https:\/\/peopleandwork.eu\/wp-content\/uploads\/2024\/06\/Left.svg\",\"width\":193,\"height\":44,\"caption\":\"People and work\"},\"image\":{\"@id\":\"https:\/\/peopleandwork.eu\/uk\/#\/schema\/logo\/image\/\"},\"sameAs\":[\"https:\/\/www.facebook.com\/PeopleAndWorkPL\/\",\"https:\/\/www.instagram.com\/explore\/locations\/100916544781368\/people-and-work\/\",\"https:\/\/www.linkedin.com\/company\/people-and-work-eu\/?originalSubdomain=pl\"]}]}<\/script>\n<!-- \/ Yoast SEO plugin. -->","yoast_head_json":{"title":"\u041f\u043e\u0434\u0430\u0442\u0438 \u0437\u0430\u044f\u0432\u043a\u0443 \u0437\u0430\u0440\u0430\u0437 - People and work","robots":{"index":"index","follow":"follow","max-snippet":"max-snippet:-1","max-image-preview":"max-image-preview:large","max-video-preview":"max-video-preview:-1"},"canonical":"https:\/\/peopleandwork.eu\/uk\/%d0%bf%d0%be%d0%b4%d0%b0%d1%82%d0%b8-%d0%b7%d0%b0%d1%8f%d0%b2%d0%ba%d1%83-%d0%b7%d0%b0%d1%80%d0%b0%d0%b7\/","og_locale":"uk_UA","og_type":"article","og_title":"\u041f\u043e\u0434\u0430\u0442\u0438 \u0437\u0430\u044f\u0432\u043a\u0443 \u0437\u0430\u0440\u0430\u0437 - People and work","og_description":"\u041d\u0430\u0434\u0456\u0448\u043b\u0456\u0442\u044c \u0441\u0432\u043e\u0454 \u0440\u0435\u0437\u044e\u043c\u0435","og_url":"https:\/\/peopleandwork.eu\/uk\/%d0%bf%d0%be%d0%b4%d0%b0%d1%82%d0%b8-%d0%b7%d0%b0%d1%8f%d0%b2%d0%ba%d1%83-%d0%b7%d0%b0%d1%80%d0%b0%d0%b7\/","og_site_name":"People and work","article_publisher":"https:\/\/www.facebook.com\/PeopleAndWorkPL\/","article_modified_time":"2024-08-22T12:53:24+00:00","og_image":[{"width":758,"height":374,"url":"https:\/\/peopleandwork.eu\/wp-content\/uploads\/2024\/06\/default.jpg","type":"image\/jpeg"}],"twitter_card":"summary_large_image","schema":{"@context":"https:\/\/schema.org","@graph":[{"@type":"WebPage","@id":"https:\/\/peopleandwork.eu\/uk\/%d0%bf%d0%be%d0%b4%d0%b0%d1%82%d0%b8-%d0%b7%d0%b0%d1%8f%d0%b2%d0%ba%d1%83-%d0%b7%d0%b0%d1%80%d0%b0%d0%b7\/","url":"https:\/\/peopleandwork.eu\/uk\/%d0%bf%d0%be%d0%b4%d0%b0%d1%82%d0%b8-%d0%b7%d0%b0%d1%8f%d0%b2%d0%ba%d1%83-%d0%b7%d0%b0%d1%80%d0%b0%d0%b7\/","name":"\u041f\u043e\u0434\u0430\u0442\u0438 \u0437\u0430\u044f\u0432\u043a\u0443 \u0437\u0430\u0440\u0430\u0437 - People and work","isPartOf":{"@id":"https:\/\/peopleandwork.eu\/uk\/#website"},"primaryImageOfPage":{"@id":"https:\/\/peopleandwork.eu\/uk\/%d0%bf%d0%be%d0%b4%d0%b0%d1%82%d0%b8-%d0%b7%d0%b0%d1%8f%d0%b2%d0%ba%d1%83-%d0%b7%d0%b0%d1%80%d0%b0%d0%b7\/#primaryimage"},"image":{"@id":"https:\/\/peopleandwork.eu\/uk\/%d0%bf%d0%be%d0%b4%d0%b0%d1%82%d0%b8-%d0%b7%d0%b0%d1%8f%d0%b2%d0%ba%d1%83-%d0%b7%d0%b0%d1%80%d0%b0%d0%b7\/#primaryimage"},"thumbnailUrl":"https:\/\/peopleandwork.eu\/wp-content\/uploads\/2024\/06\/default.jpg","datePublished":"2024-06-10T15:05:14+00:00","dateModified":"2024-08-22T12:53:24+00:00","breadcrumb":{"@id":"https:\/\/peopleandwork.eu\/uk\/%d0%bf%d0%be%d0%b4%d0%b0%d1%82%d0%b8-%d0%b7%d0%b0%d1%8f%d0%b2%d0%ba%d1%83-%d0%b7%d0%b0%d1%80%d0%b0%d0%b7\/#breadcrumb"},"inLanguage":"uk","potentialAction":[{"@type":"ReadAction","target":["https:\/\/peopleandwork.eu\/uk\/%d0%bf%d0%be%d0%b4%d0%b0%d1%82%d0%b8-%d0%b7%d0%b0%d1%8f%d0%b2%d0%ba%d1%83-%d0%b7%d0%b0%d1%80%d0%b0%d0%b7\/"]}]},{"@type":"ImageObject","inLanguage":"uk","@id":"https:\/\/peopleandwork.eu\/uk\/%d0%bf%d0%be%d0%b4%d0%b0%d1%82%d0%b8-%d0%b7%d0%b0%d1%8f%d0%b2%d0%ba%d1%83-%d0%b7%d0%b0%d1%80%d0%b0%d0%b7\/#primaryimage","url":"https:\/\/peopleandwork.eu\/wp-content\/uploads\/2024\/06\/default.jpg","contentUrl":"https:\/\/peopleandwork.eu\/wp-content\/uploads\/2024\/06\/default.jpg","width":758,"height":374},{"@type":"BreadcrumbList","@id":"https:\/\/peopleandwork.eu\/uk\/%d0%bf%d0%be%d0%b4%d0%b0%d1%82%d0%b8-%d0%b7%d0%b0%d1%8f%d0%b2%d0%ba%d1%83-%d0%b7%d0%b0%d1%80%d0%b0%d0%b7\/#breadcrumb","itemListElement":[{"@type":"ListItem","position":1,"name":"Home","item":"https:\/\/peopleandwork.eu\/uk\/%d0%b3%d0%be%d0%bb%d0%be%d0%b2%d0%bd%d0%b0-%d1%81%d1%82%d0%be%d1%80%d1%96%d0%bd%d0%ba%d0%b0\/"},{"@type":"ListItem","position":2,"name":"\u041f\u043e\u0434\u0430\u0442\u0438 \u0437\u0430\u044f\u0432\u043a\u0443 \u0437\u0430\u0440\u0430\u0437"}]},{"@type":"WebSite","@id":"https:\/\/peopleandwork.eu\/uk\/#website","url":"https:\/\/peopleandwork.eu\/uk\/","name":"People and work","description":"Znajd\u017a prac\u0119 w Polsce  i za granic\u0105","publisher":{"@id":"https:\/\/peopleandwork.eu\/uk\/#organization"},"potentialAction":[{"@type":"SearchAction","target":{"@type":"EntryPoint","urlTemplate":"https:\/\/peopleandwork.eu\/uk\/?s={search_term_string}"},"query-input":{"@type":"PropertyValueSpecification","valueRequired":true,"valueName":"search_term_string"}}],"inLanguage":"uk"},{"@type":"Organization","@id":"https:\/\/peopleandwork.eu\/uk\/#organization","name":"People and work","url":"https:\/\/peopleandwork.eu\/uk\/","logo":{"@type":"ImageObject","inLanguage":"uk","@id":"https:\/\/peopleandwork.eu\/uk\/#\/schema\/logo\/image\/","url":"https:\/\/peopleandwork.eu\/wp-content\/uploads\/2024\/06\/Left.svg","contentUrl":"https:\/\/peopleandwork.eu\/wp-content\/uploads\/2024\/06\/Left.svg","width":193,"height":44,"caption":"People and work"},"image":{"@id":"https:\/\/peopleandwork.eu\/uk\/#\/schema\/logo\/image\/"},"sameAs":["https:\/\/www.facebook.com\/PeopleAndWorkPL\/","https:\/\/www.instagram.com\/explore\/locations\/100916544781368\/people-and-work\/","https:\/\/www.linkedin.com\/company\/people-and-work-eu\/?originalSubdomain=pl"]}]}},"_links":{"self":[{"href":"https:\/\/peopleandwork.eu\/uk\/wp-json\/wp\/v2\/pages\/5704","targetHints":{"allow":["GET"]}}],"collection":[{"href":"https:\/\/peopleandwork.eu\/uk\/wp-json\/wp\/v2\/pages"}],"about":[{"href":"https:\/\/peopleandwork.eu\/uk\/wp-json\/wp\/v2\/types\/page"}],"author":[{"embeddable":true,"href":"https:\/\/peopleandwork.eu\/uk\/wp-json\/wp\/v2\/users\/2"}],"replies":[{"embeddable":true,"href":"https:\/\/peopleandwork.eu\/uk\/wp-json\/wp\/v2\/comments?post=5704"}],"version-history":[{"count":4,"href":"https:\/\/peopleandwork.eu\/uk\/wp-json\/wp\/v2\/pages\/5704\/revisions"}],"predecessor-version":[{"id":6833,"href":"https:\/\/peopleandwork.eu\/uk\/wp-json\/wp\/v2\/pages\/5704\/revisions\/6833"}],"wp:featuredmedia":[{"embeddable":true,"href":"https:\/\/peopleandwork.eu\/uk\/wp-json\/wp\/v2\/media\/5246"}],"wp:attachment":[{"href":"https:\/\/peopleandwork.eu\/uk\/wp-json\/wp\/v2\/media?parent=5704"}],"curies":[{"name":"wp","href":"https:\/\/api.w.org\/{rel}","templated":true}]}}