{"id":6423,"date":"2024-06-10T17:05:14","date_gmt":"2024-06-10T15:05:14","guid":{"rendered":"https:\/\/peopleandwork.eu\/apply-now\/"},"modified":"2024-08-22T14:52:46","modified_gmt":"2024-08-22T12:52:46","slug":"apply-now","status":"publish","type":"page","link":"https:\/\/peopleandwork.eu\/en\/apply-now\/","title":{"rendered":"Apply now"},"content":{"rendered":"\t\t<div data-elementor-type=\"wp-page\" data-elementor-id=\"6423\" class=\"elementor elementor-6423 elementor-5336\" data-elementor-post-type=\"page\">\n\t\t\t\t<div class=\"elementor-element elementor-element-cd8fc4c e-con-full e-flex e-con e-parent\" data-id=\"cd8fc4c\" data-element_type=\"container\">\n\t\t\t\t<div class=\"elementor-element elementor-element-07750b9 elementor-widget elementor-widget-template\" data-id=\"07750b9\" data-element_type=\"widget\" data-widget_type=\"template.default\">\n\t\t\t\t<div class=\"elementor-widget-container\">\n\t\t\t\t\t\t\t<div class=\"elementor-template\">\n\t\t\t\t\t<div data-elementor-type=\"container\" data-elementor-id=\"5282\" class=\"elementor elementor-5282\" data-elementor-post-type=\"elementor_library\">\n\t\t\t\t<div class=\"elementor-element elementor-element-758e7f71 e-con-full e-flex e-con e-parent\" data-id=\"758e7f71\" data-element_type=\"container\" data-settings=\"{&quot;background_background&quot;:&quot;classic&quot;}\">\n\t\t<div class=\"elementor-element elementor-element-3d73945 e-con-full e-flex e-con e-child\" data-id=\"3d73945\" data-element_type=\"container\">\n\t\t<div class=\"elementor-element elementor-element-48f623e3 radius-large e-flex e-con-boxed e-con e-child\" data-id=\"48f623e3\" data-element_type=\"container\" data-settings=\"{&quot;background_background&quot;:&quot;gradient&quot;}\">\n\t\t\t\t\t<div class=\"e-con-inner\">\n\t\t\t\t<div class=\"elementor-element elementor-element-384916f6 breadcrumbs elementor-widget elementor-widget-shortcode\" data-id=\"384916f6\" data-element_type=\"widget\" data-widget_type=\"shortcode.default\">\n\t\t\t\t<div class=\"elementor-widget-container\">\n\t\t\t\t\t\t\t<div class=\"elementor-shortcode\"><span><span><a href=\"https:\/\/peopleandwork.eu\/en\/home-page\/\">Home<\/a><\/span><\/span><\/div>\n\t\t\t\t\t\t<\/div>\n\t\t\t\t<\/div>\n\t\t\t\t<div class=\"elementor-element elementor-element-374228a5 elementor-widget elementor-widget-heading\" data-id=\"374228a5\" data-element_type=\"widget\" data-widget_type=\"heading.default\">\n\t\t\t\t<div class=\"elementor-widget-container\">\n\t\t\t\t\t<h1 class=\"elementor-heading-title elementor-size-default\">Apply now<\/h1>\t\t\t\t<\/div>\n\t\t\t\t<\/div>\n\t\t\t\t\t<\/div>\n\t\t\t\t<\/div>\n\t\t\t\t<\/div>\n\t\t\t\t<\/div>\n\t\t\t\t<\/div>\n\t\t\t\t<\/div>\n\t\t\t\t\t\t<\/div>\n\t\t\t\t<\/div>\n\t\t\t\t<\/div>\n\t\t<div class=\"elementor-element elementor-element-6ba18d5 section-padding e-flex e-con-boxed e-con e-parent\" data-id=\"6ba18d5\" data-element_type=\"container\">\n\t\t\t\t\t<div class=\"e-con-inner\">\n\t\t<div class=\"elementor-element elementor-element-5d598ef shadow-big e-flex e-con-boxed e-con e-child\" data-id=\"5d598ef\" data-element_type=\"container\">\n\t\t\t\t\t<div class=\"e-con-inner\">\n\t\t\t\t<div class=\"elementor-element elementor-element-70b3bfe elementor-widget elementor-widget-heading\" data-id=\"70b3bfe\" data-element_type=\"widget\" data-widget_type=\"heading.default\">\n\t\t\t\t<div class=\"elementor-widget-container\">\n\t\t\t\t\t<h3 class=\"elementor-heading-title elementor-size-default\">Submit your resume<\/h3>\t\t\t\t<\/div>\n\t\t\t\t<\/div>\n\t\t\t\t<div class=\"elementor-element elementor-element-b2df17d elementor-button-align-start elementor-widget elementor-widget-form\" data-id=\"b2df17d\" data-element_type=\"widget\" data-settings=\"{&quot;step_next_label&quot;:&quot;Next&quot;,&quot;step_previous_label&quot;:&quot;Previous&quot;,&quot;button_width&quot;:&quot;100&quot;,&quot;step_type&quot;:&quot;number_text&quot;,&quot;step_icon_shape&quot;:&quot;circle&quot;}\" data-widget_type=\"form.default\">\n\t\t\t\t<div class=\"elementor-widget-container\">\n\t\t\t\t\t\t\t<form class=\"elementor-form\" method=\"post\" name=\"Apply\" aria-label=\"Apply\">\n\t\t\t<input type=\"hidden\" name=\"post_id\" value=\"6423\"\/>\n\t\t\t<input type=\"hidden\" name=\"form_id\" value=\"b2df17d\"\/>\n\t\t\t<input type=\"hidden\" name=\"referer_title\" value=\"People and work\" \/>\n\n\t\t\t\n\t\t\t<div class=\"elementor-form-fields-wrapper elementor-labels-above\">\n\t\t\t\t\t\t\t\t<div class=\"elementor-field-type-text elementor-field-group elementor-column elementor-field-group-name elementor-col-100 elementor-field-required\">\n\t\t\t\t\t\t\t\t\t\t\t\t<label for=\"form-field-name\" class=\"elementor-field-label\">\n\t\t\t\t\t\t\t\tName*\t\t\t\t\t\t\t<\/label>\n\t\t\t\t\t\t\t\t\t\t\t\t\t\t<input size=\"1\" type=\"text\" name=\"form_fields[name]\" id=\"form-field-name\" class=\"elementor-field elementor-size-sm  elementor-field-textual\" required=\"required\">\n\t\t\t\t\t\t\t\t\t\t\t<\/div>\n\t\t\t\t\t\t\t\t<div class=\"elementor-field-type-email elementor-field-group elementor-column elementor-field-group-email elementor-col-50 elementor-field-required\">\n\t\t\t\t\t\t\t\t\t\t\t\t<label for=\"form-field-email\" class=\"elementor-field-label\">\n\t\t\t\t\t\t\t\tEmail*.\t\t\t\t\t\t\t<\/label>\n\t\t\t\t\t\t\t\t\t\t\t\t\t\t<input size=\"1\" type=\"email\" name=\"form_fields[email]\" id=\"form-field-email\" class=\"elementor-field elementor-size-sm  elementor-field-textual\" required=\"required\">\n\t\t\t\t\t\t\t\t\t\t\t<\/div>\n\t\t\t\t\t\t\t\t<div class=\"elementor-field-type-select elementor-field-group elementor-column elementor-field-group-field_e5264f0 elementor-col-50 elementor-field-required\">\n\t\t\t\t\t\t\t\t\t\t\t\t<label for=\"form-field-field_e5264f0\" class=\"elementor-field-label\">\n\t\t\t\t\t\t\t\tPlace of work\t\t\t\t\t\t\t<\/label>\n\t\t\t\t\t\t\t\t<div class=\"elementor-field elementor-select-wrapper remove-before \">\n\t\t\t<div class=\"select-caret-down-wrapper\">\n\t\t\t\t<i aria-hidden=\"true\" class=\"eicon-caret-down\"><\/i>\t\t\t<\/div>\n\t\t\t<select name=\"form_fields[field_e5264f0]\" id=\"form-field-field_e5264f0\" class=\"elementor-field-textual elementor-size-sm\" required=\"required\">\n\t\t\t\t\t\t\t\t\t<option value=\"Poland\">Poland<\/option>\n\t\t\t\t\t\t\t\t\t<option value=\"Germany\">Germany<\/option>\n\t\t\t\t\t\t\t\t\t<option value=\"Netherlands\">Netherlands<\/option>\n\t\t\t\t\t\t\t\t\t<option value=\"Choose\">Choose<\/option>\n\t\t\t\t\t\t\t<\/select>\n\t\t<\/div>\n\t\t\t\t\t\t<\/div>\n\t\t\t\t\t\t\t\t<div class=\"elementor-field-type-select elementor-field-group elementor-column elementor-field-group-field_c795afa elementor-col-100\">\n\t\t\t\t\t\t\t\t\t\t\t\t<label for=\"form-field-field_c795afa\" class=\"elementor-field-label\">\n\t\t\t\t\t\t\t\tPosition*\t\t\t\t\t\t\t<\/label>\n\t\t\t\t\t\t\t\t<div class=\"elementor-field elementor-select-wrapper remove-before \">\n\t\t\t<div class=\"select-caret-down-wrapper\">\n\t\t\t\t<i aria-hidden=\"true\" class=\"eicon-caret-down\"><\/i>\t\t\t<\/div>\n\t\t\t<select name=\"form_fields[field_c795afa]\" id=\"form-field-field_c795afa\" class=\"elementor-field-textual elementor-size-sm\">\n\t\t\t\t\t\t\t\t\t<option value=\"Choose\">Choose<\/option>\n\t\t\t\t\t\t\t\t\t<option value=\"Logistics\/warehouse\">Logistics\/warehouse<\/option>\n\t\t\t\t\t\t\t\t\t<option value=\"Laundries\">Laundries<\/option>\n\t\t\t\t\t\t\t\t\t<option value=\"Drivers\">Drivers<\/option>\n\t\t\t\t\t\t\t\t\t<option value=\"Welder\/Welder\">Welder\/Welder<\/option>\n\t\t\t\t\t\t\t\t\t<option value=\"Assemblers\">Assemblers<\/option>\n\t\t\t\t\t\t\t\t\t<option value=\"Manual labor\">Manual labor<\/option>\n\t\t\t\t\t\t\t\t\t<option value=\"Office work\">Office work<\/option>\n\t\t\t\t\t\t\t\t\t<option value=\"Medical work - Medical\">Medical work - Medical<\/option>\n\t\t\t\t\t\t\t\t\t<option value=\"Other\">Other<\/option>\n\t\t\t\t\t\t\t<\/select>\n\t\t<\/div>\n\t\t\t\t\t\t<\/div>\n\t\t\t\t\t\t\t\t<div class=\"elementor-field-type-upload elementor-field-group elementor-column elementor-field-group-field_119b436 elementor-col-100 elementor-field-required\">\n\t\t\t\t\t\t\t\t\t\t\t\t<label for=\"form-field-field_119b436\" class=\"elementor-field-label\">\n\t\t\t\t\t\t\t\tCV and cover letter\t\t\t\t\t\t\t<\/label>\n\t\t\t\t\t\t\t\t<input type=\"file\" name=\"form_fields[field_119b436][]\" id=\"form-field-field_119b436\" class=\"elementor-field elementor-size-sm  elementor-upload-field\" required=\"required\" multiple=\"multiple\" data-maxsize=\"5\" data-maxsize-message=\"This file exceeds the maximum allowed size.\">\n\n\t\t\t\t\t\t<\/div>\n\t\t\t\t\t\t\t\t<div class=\"elementor-field-type-acceptance elementor-field-group elementor-column elementor-field-group-field_5c88045 elementor-col-100 elementor-field-required\">\n\t\t\t\t\t\t\t<div class=\"elementor-field-subgroup\">\n\t\t\t<span class=\"elementor-field-option\">\n\t\t\t\t<input type=\"checkbox\" name=\"form_fields[field_5c88045]\" id=\"form-field-field_5c88045\" class=\"elementor-field elementor-size-sm  elementor-acceptance-field\" required=\"required\">\n\t\t\t\t<label for=\"form-field-field_5c88045\">I consent to the processing of my personal data contained in the contact form and attached resume by People &amp; Work for the purpose of presenting me with possible job offers, in accordance with the provisions of the Law of May 10, 2018. On the protection of personal data (Journal of Laws of 2018, item 1000) and the Regulation of the European Parliament and of the Council (EU) 2016\/679 of April 27, 2016. on the protection of individuals with regard to the processing of personal data and on the free flow of such data (RODO).<\/label>\t\t\t<\/span>\n\t\t<\/div>\n\t\t\t\t\t\t<\/div>\n\t\t\t\t\t\t\t\t<div class=\"elementor-field-group elementor-column elementor-field-type-submit elementor-col-100 e-form__buttons\">\n\t\t\t\t\t<button class=\"elementor-button elementor-size-sm\" type=\"submit\">\n\t\t\t\t\t\t<span class=\"elementor-button-content-wrapper\">\n\t\t\t\t\t\t\t\t\t\t\t\t\t\t\t<span class=\"elementor-button-icon\">\n\t\t\t\t\t\t\t\t\t<i aria-hidden=\"true\" class=\"fas fa-chevron-right\"><\/i>\t\t\t\t\t\t\t\t\t\t\t\t\t\t\t\t\t<\/span>\n\t\t\t\t\t\t\t\t\t\t\t\t\t\t\t\t\t\t\t\t\t\t<span class=\"elementor-button-text\">Send<\/span>\n\t\t\t\t\t\t\t\t\t\t\t\t\t<\/span>\n\t\t\t\t\t<\/button>\n\t\t\t\t<\/div>\n\t\t\t<\/div>\n\t\t<\/form>\n\t\t\t\t\t\t<\/div>\n\t\t\t\t<\/div>\n\t\t\t\t\t<\/div>\n\t\t\t\t<\/div>\n\t\t\t\t\t<\/div>\n\t\t\t\t<\/div>\n\t\t\t\t<\/div>\n\t\t","protected":false},"excerpt":{"rendered":"<p>Submit your resume<\/p>\n","protected":false},"author":2,"featured_media":5246,"parent":0,"menu_order":0,"comment_status":"closed","ping_status":"closed","template":"","meta":{"_acf_changed":false,"footnotes":""},"class_list":["post-6423","page","type-page","status-publish","has-post-thumbnail","hentry"],"acf":[],"yoast_head":"<!-- This site is optimized with the Yoast SEO plugin v25.6 - https:\/\/yoast.com\/wordpress\/plugins\/seo\/ -->\n<title>Apply now - People and work<\/title>\n<meta name=\"robots\" content=\"index, follow, max-snippet:-1, max-image-preview:large, max-video-preview:-1\" \/>\n<link rel=\"canonical\" href=\"https:\/\/peopleandwork.eu\/en\/apply-now\/\" \/>\n<meta property=\"og:locale\" content=\"en_US\" \/>\n<meta property=\"og:type\" content=\"article\" \/>\n<meta property=\"og:title\" content=\"Apply now - People and work\" \/>\n<meta property=\"og:description\" content=\"Submit your resume\" \/>\n<meta property=\"og:url\" content=\"https:\/\/peopleandwork.eu\/en\/apply-now\/\" \/>\n<meta property=\"og:site_name\" content=\"People and work\" \/>\n<meta property=\"article:publisher\" content=\"https:\/\/www.facebook.com\/PeopleAndWorkPL\/\" \/>\n<meta property=\"article:modified_time\" content=\"2024-08-22T12:52:46+00:00\" \/>\n<meta property=\"og:image\" content=\"https:\/\/peopleandwork.eu\/wp-content\/uploads\/2024\/06\/default.jpg\" \/>\n\t<meta property=\"og:image:width\" content=\"758\" \/>\n\t<meta property=\"og:image:height\" content=\"374\" \/>\n\t<meta property=\"og:image:type\" content=\"image\/jpeg\" \/>\n<meta name=\"twitter:card\" content=\"summary_large_image\" \/>\n<script type=\"application\/ld+json\" class=\"yoast-schema-graph\">{\"@context\":\"https:\/\/schema.org\",\"@graph\":[{\"@type\":\"WebPage\",\"@id\":\"https:\/\/peopleandwork.eu\/en\/apply-now\/\",\"url\":\"https:\/\/peopleandwork.eu\/en\/apply-now\/\",\"name\":\"Apply now - People and work\",\"isPartOf\":{\"@id\":\"https:\/\/peopleandwork.eu\/en\/#website\"},\"primaryImageOfPage\":{\"@id\":\"https:\/\/peopleandwork.eu\/en\/apply-now\/#primaryimage\"},\"image\":{\"@id\":\"https:\/\/peopleandwork.eu\/en\/apply-now\/#primaryimage\"},\"thumbnailUrl\":\"https:\/\/peopleandwork.eu\/wp-content\/uploads\/2024\/06\/default.jpg\",\"datePublished\":\"2024-06-10T15:05:14+00:00\",\"dateModified\":\"2024-08-22T12:52:46+00:00\",\"breadcrumb\":{\"@id\":\"https:\/\/peopleandwork.eu\/en\/apply-now\/#breadcrumb\"},\"inLanguage\":\"en-US\",\"potentialAction\":[{\"@type\":\"ReadAction\",\"target\":[\"https:\/\/peopleandwork.eu\/en\/apply-now\/\"]}]},{\"@type\":\"ImageObject\",\"inLanguage\":\"en-US\",\"@id\":\"https:\/\/peopleandwork.eu\/en\/apply-now\/#primaryimage\",\"url\":\"https:\/\/peopleandwork.eu\/wp-content\/uploads\/2024\/06\/default.jpg\",\"contentUrl\":\"https:\/\/peopleandwork.eu\/wp-content\/uploads\/2024\/06\/default.jpg\",\"width\":758,\"height\":374},{\"@type\":\"BreadcrumbList\",\"@id\":\"https:\/\/peopleandwork.eu\/en\/apply-now\/#breadcrumb\",\"itemListElement\":[{\"@type\":\"ListItem\",\"position\":1,\"name\":\"Home\",\"item\":\"https:\/\/peopleandwork.eu\/en\/home-page\/\"},{\"@type\":\"ListItem\",\"position\":2,\"name\":\"Apply now\"}]},{\"@type\":\"WebSite\",\"@id\":\"https:\/\/peopleandwork.eu\/en\/#website\",\"url\":\"https:\/\/peopleandwork.eu\/en\/\",\"name\":\"People and work\",\"description\":\"Znajd\u017a prac\u0119 w Polsce  i za granic\u0105\",\"publisher\":{\"@id\":\"https:\/\/peopleandwork.eu\/en\/#organization\"},\"potentialAction\":[{\"@type\":\"SearchAction\",\"target\":{\"@type\":\"EntryPoint\",\"urlTemplate\":\"https:\/\/peopleandwork.eu\/en\/?s={search_term_string}\"},\"query-input\":{\"@type\":\"PropertyValueSpecification\",\"valueRequired\":true,\"valueName\":\"search_term_string\"}}],\"inLanguage\":\"en-US\"},{\"@type\":\"Organization\",\"@id\":\"https:\/\/peopleandwork.eu\/en\/#organization\",\"name\":\"People and work\",\"url\":\"https:\/\/peopleandwork.eu\/en\/\",\"logo\":{\"@type\":\"ImageObject\",\"inLanguage\":\"en-US\",\"@id\":\"https:\/\/peopleandwork.eu\/en\/#\/schema\/logo\/image\/\",\"url\":\"https:\/\/peopleandwork.eu\/wp-content\/uploads\/2024\/06\/Left.svg\",\"contentUrl\":\"https:\/\/peopleandwork.eu\/wp-content\/uploads\/2024\/06\/Left.svg\",\"width\":193,\"height\":44,\"caption\":\"People and work\"},\"image\":{\"@id\":\"https:\/\/peopleandwork.eu\/en\/#\/schema\/logo\/image\/\"},\"sameAs\":[\"https:\/\/www.facebook.com\/PeopleAndWorkPL\/\",\"https:\/\/www.instagram.com\/explore\/locations\/100916544781368\/people-and-work\/\",\"https:\/\/www.linkedin.com\/company\/people-and-work-eu\/?originalSubdomain=pl\"]}]}<\/script>\n<!-- \/ Yoast SEO plugin. -->","yoast_head_json":{"title":"Apply now - People and work","robots":{"index":"index","follow":"follow","max-snippet":"max-snippet:-1","max-image-preview":"max-image-preview:large","max-video-preview":"max-video-preview:-1"},"canonical":"https:\/\/peopleandwork.eu\/en\/apply-now\/","og_locale":"en_US","og_type":"article","og_title":"Apply now - People and work","og_description":"Submit your resume","og_url":"https:\/\/peopleandwork.eu\/en\/apply-now\/","og_site_name":"People and work","article_publisher":"https:\/\/www.facebook.com\/PeopleAndWorkPL\/","article_modified_time":"2024-08-22T12:52:46+00:00","og_image":[{"width":758,"height":374,"url":"https:\/\/peopleandwork.eu\/wp-content\/uploads\/2024\/06\/default.jpg","type":"image\/jpeg"}],"twitter_card":"summary_large_image","schema":{"@context":"https:\/\/schema.org","@graph":[{"@type":"WebPage","@id":"https:\/\/peopleandwork.eu\/en\/apply-now\/","url":"https:\/\/peopleandwork.eu\/en\/apply-now\/","name":"Apply now - People and work","isPartOf":{"@id":"https:\/\/peopleandwork.eu\/en\/#website"},"primaryImageOfPage":{"@id":"https:\/\/peopleandwork.eu\/en\/apply-now\/#primaryimage"},"image":{"@id":"https:\/\/peopleandwork.eu\/en\/apply-now\/#primaryimage"},"thumbnailUrl":"https:\/\/peopleandwork.eu\/wp-content\/uploads\/2024\/06\/default.jpg","datePublished":"2024-06-10T15:05:14+00:00","dateModified":"2024-08-22T12:52:46+00:00","breadcrumb":{"@id":"https:\/\/peopleandwork.eu\/en\/apply-now\/#breadcrumb"},"inLanguage":"en-US","potentialAction":[{"@type":"ReadAction","target":["https:\/\/peopleandwork.eu\/en\/apply-now\/"]}]},{"@type":"ImageObject","inLanguage":"en-US","@id":"https:\/\/peopleandwork.eu\/en\/apply-now\/#primaryimage","url":"https:\/\/peopleandwork.eu\/wp-content\/uploads\/2024\/06\/default.jpg","contentUrl":"https:\/\/peopleandwork.eu\/wp-content\/uploads\/2024\/06\/default.jpg","width":758,"height":374},{"@type":"BreadcrumbList","@id":"https:\/\/peopleandwork.eu\/en\/apply-now\/#breadcrumb","itemListElement":[{"@type":"ListItem","position":1,"name":"Home","item":"https:\/\/peopleandwork.eu\/en\/home-page\/"},{"@type":"ListItem","position":2,"name":"Apply now"}]},{"@type":"WebSite","@id":"https:\/\/peopleandwork.eu\/en\/#website","url":"https:\/\/peopleandwork.eu\/en\/","name":"People and work","description":"Znajd\u017a prac\u0119 w Polsce  i za granic\u0105","publisher":{"@id":"https:\/\/peopleandwork.eu\/en\/#organization"},"potentialAction":[{"@type":"SearchAction","target":{"@type":"EntryPoint","urlTemplate":"https:\/\/peopleandwork.eu\/en\/?s={search_term_string}"},"query-input":{"@type":"PropertyValueSpecification","valueRequired":true,"valueName":"search_term_string"}}],"inLanguage":"en-US"},{"@type":"Organization","@id":"https:\/\/peopleandwork.eu\/en\/#organization","name":"People and work","url":"https:\/\/peopleandwork.eu\/en\/","logo":{"@type":"ImageObject","inLanguage":"en-US","@id":"https:\/\/peopleandwork.eu\/en\/#\/schema\/logo\/image\/","url":"https:\/\/peopleandwork.eu\/wp-content\/uploads\/2024\/06\/Left.svg","contentUrl":"https:\/\/peopleandwork.eu\/wp-content\/uploads\/2024\/06\/Left.svg","width":193,"height":44,"caption":"People and work"},"image":{"@id":"https:\/\/peopleandwork.eu\/en\/#\/schema\/logo\/image\/"},"sameAs":["https:\/\/www.facebook.com\/PeopleAndWorkPL\/","https:\/\/www.instagram.com\/explore\/locations\/100916544781368\/people-and-work\/","https:\/\/www.linkedin.com\/company\/people-and-work-eu\/?originalSubdomain=pl"]}]}},"_links":{"self":[{"href":"https:\/\/peopleandwork.eu\/en\/wp-json\/wp\/v2\/pages\/6423","targetHints":{"allow":["GET"]}}],"collection":[{"href":"https:\/\/peopleandwork.eu\/en\/wp-json\/wp\/v2\/pages"}],"about":[{"href":"https:\/\/peopleandwork.eu\/en\/wp-json\/wp\/v2\/types\/page"}],"author":[{"embeddable":true,"href":"https:\/\/peopleandwork.eu\/en\/wp-json\/wp\/v2\/users\/2"}],"replies":[{"embeddable":true,"href":"https:\/\/peopleandwork.eu\/en\/wp-json\/wp\/v2\/comments?post=6423"}],"version-history":[{"count":2,"href":"https:\/\/peopleandwork.eu\/en\/wp-json\/wp\/v2\/pages\/6423\/revisions"}],"predecessor-version":[{"id":6829,"href":"https:\/\/peopleandwork.eu\/en\/wp-json\/wp\/v2\/pages\/6423\/revisions\/6829"}],"wp:featuredmedia":[{"embeddable":true,"href":"https:\/\/peopleandwork.eu\/en\/wp-json\/wp\/v2\/media\/5246"}],"wp:attachment":[{"href":"https:\/\/peopleandwork.eu\/en\/wp-json\/wp\/v2\/media?parent=6423"}],"curies":[{"name":"wp","href":"https:\/\/api.w.org\/{rel}","templated":true}]}}