{"id":5789,"date":"2024-06-15T13:29:35","date_gmt":"2024-06-15T11:29:35","guid":{"rendered":"https:\/\/peopleandwork.eu\/impressum\/"},"modified":"2025-10-01T13:24:24","modified_gmt":"2025-10-01T11:24:24","slug":"impressum","status":"publish","type":"page","link":"https:\/\/peopleandwork.eu\/en\/impressum\/","title":{"rendered":"Impressum"},"content":{"rendered":"\t\t<div data-elementor-type=\"wp-page\" data-elementor-id=\"5789\" class=\"elementor elementor-5789 elementor-5780\" data-elementor-post-type=\"page\">\n\t\t\t\t<div class=\"elementor-element elementor-element-135d3d9 e-con-full e-flex e-con e-parent\" data-id=\"135d3d9\" data-element_type=\"container\">\n\t\t\t\t<div class=\"elementor-element elementor-element-41813c9 elementor-widget elementor-widget-template\" data-id=\"41813c9\" data-element_type=\"widget\" data-widget_type=\"template.default\">\n\t\t\t\t<div class=\"elementor-widget-container\">\n\t\t\t\t\t\t\t<div class=\"elementor-template\">\n\t\t\t\t\t<div data-elementor-type=\"container\" data-elementor-id=\"5282\" class=\"elementor elementor-5282\" data-elementor-post-type=\"elementor_library\">\n\t\t\t\t<div class=\"elementor-element elementor-element-758e7f71 e-con-full e-flex e-con e-parent\" data-id=\"758e7f71\" data-element_type=\"container\" data-settings=\"{&quot;background_background&quot;:&quot;classic&quot;}\">\n\t\t<div class=\"elementor-element elementor-element-3d73945 e-con-full e-flex e-con e-child\" data-id=\"3d73945\" data-element_type=\"container\">\n\t\t<div class=\"elementor-element elementor-element-48f623e3 radius-large e-flex e-con-boxed e-con e-child\" data-id=\"48f623e3\" data-element_type=\"container\" data-settings=\"{&quot;background_background&quot;:&quot;gradient&quot;}\">\n\t\t\t\t\t<div class=\"e-con-inner\">\n\t\t\t\t<div class=\"elementor-element elementor-element-384916f6 breadcrumbs elementor-widget elementor-widget-shortcode\" data-id=\"384916f6\" data-element_type=\"widget\" data-widget_type=\"shortcode.default\">\n\t\t\t\t<div class=\"elementor-widget-container\">\n\t\t\t\t\t\t\t<div class=\"elementor-shortcode\"><span><span><a href=\"https:\/\/peopleandwork.eu\/en\/home-page\/\">Home<\/a><\/span><\/span><\/div>\n\t\t\t\t\t\t<\/div>\n\t\t\t\t<\/div>\n\t\t\t\t<div class=\"elementor-element elementor-element-374228a5 elementor-widget elementor-widget-heading\" data-id=\"374228a5\" data-element_type=\"widget\" data-widget_type=\"heading.default\">\n\t\t\t\t<div class=\"elementor-widget-container\">\n\t\t\t\t\t<h1 class=\"elementor-heading-title elementor-size-default\">Impressum<\/h1>\t\t\t\t<\/div>\n\t\t\t\t<\/div>\n\t\t\t\t\t<\/div>\n\t\t\t\t<\/div>\n\t\t\t\t<\/div>\n\t\t\t\t<\/div>\n\t\t\t\t<\/div>\n\t\t\t\t<\/div>\n\t\t\t\t\t\t<\/div>\n\t\t\t\t<\/div>\n\t\t\t\t<\/div>\n\t\t<div class=\"elementor-element elementor-element-46b5ba2 section-padding e-flex e-con-boxed e-con e-parent\" data-id=\"46b5ba2\" data-element_type=\"container\">\n\t\t\t\t\t<div class=\"e-con-inner\">\n\t\t<div class=\"elementor-element elementor-element-9cc2a43 e-flex e-con-boxed e-con e-child\" data-id=\"9cc2a43\" data-element_type=\"container\">\n\t\t\t\t\t<div class=\"e-con-inner\">\n\t\t\t\t<div class=\"elementor-element elementor-element-bf6fd7a elementor-widget elementor-widget-text-editor\" data-id=\"bf6fd7a\" data-element_type=\"widget\" data-widget_type=\"text-editor.default\">\n\t\t\t\t<div class=\"elementor-widget-container\">\n\t\t\t\t\t\t\t\t\t<div class=\"elementor-element elementor-element-47e4ac6 elementor-widget elementor-widget-heading\" data-id=\"47e4ac6\" data-element_type=\"widget\" data-widget_type=\"heading.default\"><div class=\"elementor-widget-container\"><h4 class=\"elementor-heading-title elementor-size-default\">PEOPLE &amp; WORK Sp. z o.o.<\/h4><\/div><\/div><div class=\"elementor-element elementor-element-3b2416e elementor-widget elementor-widget-text-editor\" data-id=\"3b2416e\" data-element_type=\"widget\" data-widget_type=\"text-editor.default\"><div class=\"elementor-widget-container\"><p>General Manager: Emilia Cybulska<br \/>Street. Jagie\u0142\u0142y 3<br \/>66-400 Gorzow Wlkp.<br \/>Poland<br \/>KRS: 0000879419<br \/>NIP: 5993253914<br \/>REGON: 387969801<\/p><p>Tel: +48 669 150 320<br \/>E-Mail: info@peopleandwork.eu<br \/>Internet: www.peopleandwork.eu<\/p><\/div><\/div>\t\t\t\t\t\t\t\t<\/div>\n\t\t\t\t<\/div>\n\t\t\t\t\t<\/div>\n\t\t\t\t<\/div>\n\t\t<div class=\"elementor-element elementor-element-b95e5d6 e-flex e-con-boxed e-con e-child\" data-id=\"b95e5d6\" data-element_type=\"container\">\n\t\t\t\t\t<div class=\"e-con-inner\">\n\t\t\t\t<div class=\"elementor-element elementor-element-09dec73 elementor-widget elementor-widget-text-editor\" data-id=\"09dec73\" data-element_type=\"widget\" data-widget_type=\"text-editor.default\">\n\t\t\t\t<div class=\"elementor-widget-container\">\n\t\t\t\t\t\t\t\t\t<div class=\"elementor-element elementor-element-a4b11c2 elementor-widget elementor-widget-heading\" data-id=\"a4b11c2\" data-element_type=\"widget\" data-widget_type=\"heading.default\"><div class=\"elementor-widget-container\"><h4 class=\"elementor-heading-title elementor-size-default\">SITEX CARE GmbH<\/h4><\/div><\/div><div class=\"elementor-element elementor-element-27ee23e elementor-widget elementor-widget-text-editor\" data-id=\"27ee23e\" data-element_type=\"widget\" data-widget_type=\"text-editor.default\"><div class=\"elementor-widget-container\"><p>Gesch\u00e4ftsf\u00fchrung: Stephan Richtzenhain<br \/>Simeonsplatz 6<br \/>32427 Minden<br \/>Deutschland<br \/>HR- Nummer: HRB16827<\/p><p>Tel: +49 571 8888 0<br \/>E-Mail: info@sitex.de<br \/>Internet: www.sitexcare.de<\/p><\/div><\/div>\t\t\t\t\t\t\t\t<\/div>\n\t\t\t\t<\/div>\n\t\t\t\t\t<\/div>\n\t\t\t\t<\/div>\n\t\t<div class=\"elementor-element elementor-element-fabf0c2 e-flex e-con-boxed e-con e-child\" data-id=\"fabf0c2\" data-element_type=\"container\">\n\t\t\t\t\t<div class=\"e-con-inner\">\n\t\t\t\t<div class=\"elementor-element elementor-element-12411f2 elementor-widget elementor-widget-text-editor\" data-id=\"12411f2\" data-element_type=\"widget\" data-widget_type=\"text-editor.default\">\n\t\t\t\t<div class=\"elementor-widget-container\">\n\t\t\t\t\t\t\t\t\t<div class=\"elementor-element elementor-element-ecf3341 elementor-widget elementor-widget-heading\" data-id=\"ecf3341\" data-element_type=\"widget\" data-widget_type=\"heading.default\"><div class=\"elementor-widget-container\"><h4 class=\"elementor-heading-title elementor-size-default\">MEDICAL CARE Sp. z o.o.<\/h4><\/div><\/div><div class=\"elementor-element elementor-element-c2cd55b elementor-widget elementor-widget-text-editor\" data-id=\"c2cd55b\" data-element_type=\"widget\" data-widget_type=\"text-editor.default\"><div class=\"elementor-widget-container\"><p>Dir. General: Emilia Cybulska<br \/>Street. Andrzeja Ma\u0142kowskiego 30\/1<br \/>70-304 Szczecin<br \/>KRS 0000823653<br \/>NIP 852-266-14-89<br \/>REGON 385317 0<\/p><p>Tel. +48 669 150 320<br \/>E-Mail: e.cybulska@seitexcare.eu<br \/>Internet: www.sitexcare.de<\/p><\/div><\/div>\t\t\t\t\t\t\t\t<\/div>\n\t\t\t\t<\/div>\n\t\t\t\t\t<\/div>\n\t\t\t\t<\/div>\n\t\t<div class=\"elementor-element elementor-element-79cbeff e-con-full e-flex e-con e-child\" data-id=\"79cbeff\" data-element_type=\"container\">\n\t\t\t\t<div class=\"elementor-element elementor-element-bc24d78 elementor-widget elementor-widget-text-editor\" data-id=\"bc24d78\" data-element_type=\"widget\" data-widget_type=\"text-editor.default\">\n\t\t\t\t<div class=\"elementor-widget-container\">\n\t\t\t\t\t\t\t\t\t<h4>People and Work GmbH<\/h4>\n<p>Landsbergerstr. 218<br \/>12623 Berlin<br \/>www.peopleandwork.eu<\/p>\n\t\t\t\t\t\t\t\t<\/div>\n\t\t\t\t<\/div>\n\t\t\t\t<\/div>\n\t\t\t\t\t<\/div>\n\t\t\t\t<\/div>\n\t\t\t\t<\/div>\n\t\t","protected":false},"excerpt":{"rendered":"<p>PEOPLE &amp; WORK Sp. z o.o. General Manager: Emilia CybulskaStreet. Jagie\u0142\u0142y 366-400 Gorzow Wlkp.PolandKRS: 0000879419NIP: 5993253914REGON: 387969801 Tel: +48 669 150 320E-Mail: info@peopleandwork.euInternet: www.peopleandwork.eu SITEX CARE GmbH Gesch\u00e4ftsf\u00fchrung: Stephan RichtzenhainSimeonsplatz 632427 MindenDeutschlandHR- Nummer: HRB16827 Tel: +49 571 8888 0E-Mail: info@sitex.deInternet: www.sitexcare.de MEDICAL CARE Sp. z o.o. Dir. General: Emilia CybulskaStreet. Andrzeja Ma\u0142kowskiego 30\/170-304 SzczecinKRS 0000823653NIP [&hellip;]<\/p>\n","protected":false},"author":2,"featured_media":5246,"parent":0,"menu_order":0,"comment_status":"closed","ping_status":"closed","template":"","meta":{"_acf_changed":false,"footnotes":""},"class_list":["post-5789","page","type-page","status-publish","has-post-thumbnail","hentry"],"acf":[],"yoast_head":"<!-- This site is optimized with the Yoast SEO plugin v25.6 - https:\/\/yoast.com\/wordpress\/plugins\/seo\/ -->\n<title>Impressum - People and work<\/title>\n<meta name=\"robots\" content=\"index, follow, max-snippet:-1, max-image-preview:large, max-video-preview:-1\" \/>\n<link rel=\"canonical\" href=\"https:\/\/peopleandwork.eu\/en\/impressum\/\" \/>\n<meta property=\"og:locale\" content=\"en_US\" \/>\n<meta property=\"og:type\" content=\"article\" \/>\n<meta property=\"og:title\" content=\"Impressum - People and work\" \/>\n<meta property=\"og:description\" content=\"PEOPLE &amp; WORK Sp. z o.o. General Manager: Emilia CybulskaStreet. Jagie\u0142\u0142y 366-400 Gorzow Wlkp.PolandKRS: 0000879419NIP: 5993253914REGON: 387969801 Tel: +48 669 150 320E-Mail: info@peopleandwork.euInternet: www.peopleandwork.eu SITEX CARE GmbH Gesch\u00e4ftsf\u00fchrung: Stephan RichtzenhainSimeonsplatz 632427 MindenDeutschlandHR- Nummer: HRB16827 Tel: +49 571 8888 0E-Mail: info@sitex.deInternet: www.sitexcare.de MEDICAL CARE Sp. z o.o. Dir. General: Emilia CybulskaStreet. Andrzeja Ma\u0142kowskiego 30\/170-304 SzczecinKRS 0000823653NIP [&hellip;]\" \/>\n<meta property=\"og:url\" content=\"https:\/\/peopleandwork.eu\/en\/impressum\/\" \/>\n<meta property=\"og:site_name\" content=\"People and work\" \/>\n<meta property=\"article:publisher\" content=\"https:\/\/www.facebook.com\/PeopleAndWorkPL\/\" \/>\n<meta property=\"article:modified_time\" content=\"2025-10-01T11:24:24+00:00\" \/>\n<meta property=\"og:image\" content=\"https:\/\/peopleandwork.eu\/wp-content\/uploads\/2024\/06\/default.jpg\" \/>\n\t<meta property=\"og:image:width\" content=\"758\" \/>\n\t<meta property=\"og:image:height\" content=\"374\" \/>\n\t<meta property=\"og:image:type\" content=\"image\/jpeg\" \/>\n<meta name=\"twitter:card\" content=\"summary_large_image\" \/>\n<meta name=\"twitter:label1\" content=\"Est. reading time\" \/>\n\t<meta name=\"twitter:data1\" content=\"1 minute\" \/>\n<script type=\"application\/ld+json\" class=\"yoast-schema-graph\">{\"@context\":\"https:\/\/schema.org\",\"@graph\":[{\"@type\":\"WebPage\",\"@id\":\"https:\/\/peopleandwork.eu\/en\/impressum\/\",\"url\":\"https:\/\/peopleandwork.eu\/en\/impressum\/\",\"name\":\"Impressum - People and work\",\"isPartOf\":{\"@id\":\"https:\/\/peopleandwork.eu\/en\/#website\"},\"primaryImageOfPage\":{\"@id\":\"https:\/\/peopleandwork.eu\/en\/impressum\/#primaryimage\"},\"image\":{\"@id\":\"https:\/\/peopleandwork.eu\/en\/impressum\/#primaryimage\"},\"thumbnailUrl\":\"https:\/\/peopleandwork.eu\/wp-content\/uploads\/2024\/06\/default.jpg\",\"datePublished\":\"2024-06-15T11:29:35+00:00\",\"dateModified\":\"2025-10-01T11:24:24+00:00\",\"breadcrumb\":{\"@id\":\"https:\/\/peopleandwork.eu\/en\/impressum\/#breadcrumb\"},\"inLanguage\":\"en-US\",\"potentialAction\":[{\"@type\":\"ReadAction\",\"target\":[\"https:\/\/peopleandwork.eu\/en\/impressum\/\"]}]},{\"@type\":\"ImageObject\",\"inLanguage\":\"en-US\",\"@id\":\"https:\/\/peopleandwork.eu\/en\/impressum\/#primaryimage\",\"url\":\"https:\/\/peopleandwork.eu\/wp-content\/uploads\/2024\/06\/default.jpg\",\"contentUrl\":\"https:\/\/peopleandwork.eu\/wp-content\/uploads\/2024\/06\/default.jpg\",\"width\":758,\"height\":374},{\"@type\":\"BreadcrumbList\",\"@id\":\"https:\/\/peopleandwork.eu\/en\/impressum\/#breadcrumb\",\"itemListElement\":[{\"@type\":\"ListItem\",\"position\":1,\"name\":\"Home\",\"item\":\"https:\/\/peopleandwork.eu\/en\/home-page\/\"},{\"@type\":\"ListItem\",\"position\":2,\"name\":\"Impressum\"}]},{\"@type\":\"WebSite\",\"@id\":\"https:\/\/peopleandwork.eu\/en\/#website\",\"url\":\"https:\/\/peopleandwork.eu\/en\/\",\"name\":\"People and work\",\"description\":\"Znajd\u017a prac\u0119 w Polsce  i za granic\u0105\",\"publisher\":{\"@id\":\"https:\/\/peopleandwork.eu\/en\/#organization\"},\"potentialAction\":[{\"@type\":\"SearchAction\",\"target\":{\"@type\":\"EntryPoint\",\"urlTemplate\":\"https:\/\/peopleandwork.eu\/en\/?s={search_term_string}\"},\"query-input\":{\"@type\":\"PropertyValueSpecification\",\"valueRequired\":true,\"valueName\":\"search_term_string\"}}],\"inLanguage\":\"en-US\"},{\"@type\":\"Organization\",\"@id\":\"https:\/\/peopleandwork.eu\/en\/#organization\",\"name\":\"People and work\",\"url\":\"https:\/\/peopleandwork.eu\/en\/\",\"logo\":{\"@type\":\"ImageObject\",\"inLanguage\":\"en-US\",\"@id\":\"https:\/\/peopleandwork.eu\/en\/#\/schema\/logo\/image\/\",\"url\":\"https:\/\/peopleandwork.eu\/wp-content\/uploads\/2024\/06\/Left.svg\",\"contentUrl\":\"https:\/\/peopleandwork.eu\/wp-content\/uploads\/2024\/06\/Left.svg\",\"width\":193,\"height\":44,\"caption\":\"People and work\"},\"image\":{\"@id\":\"https:\/\/peopleandwork.eu\/en\/#\/schema\/logo\/image\/\"},\"sameAs\":[\"https:\/\/www.facebook.com\/PeopleAndWorkPL\/\",\"https:\/\/www.instagram.com\/explore\/locations\/100916544781368\/people-and-work\/\",\"https:\/\/www.linkedin.com\/company\/people-and-work-eu\/?originalSubdomain=pl\"]}]}<\/script>\n<!-- \/ Yoast SEO plugin. -->","yoast_head_json":{"title":"Impressum - People and work","robots":{"index":"index","follow":"follow","max-snippet":"max-snippet:-1","max-image-preview":"max-image-preview:large","max-video-preview":"max-video-preview:-1"},"canonical":"https:\/\/peopleandwork.eu\/en\/impressum\/","og_locale":"en_US","og_type":"article","og_title":"Impressum - People and work","og_description":"PEOPLE &amp; WORK Sp. z o.o. General Manager: Emilia CybulskaStreet. Jagie\u0142\u0142y 366-400 Gorzow Wlkp.PolandKRS: 0000879419NIP: 5993253914REGON: 387969801 Tel: +48 669 150 320E-Mail: info@peopleandwork.euInternet: www.peopleandwork.eu SITEX CARE GmbH Gesch\u00e4ftsf\u00fchrung: Stephan RichtzenhainSimeonsplatz 632427 MindenDeutschlandHR- Nummer: HRB16827 Tel: +49 571 8888 0E-Mail: info@sitex.deInternet: www.sitexcare.de MEDICAL CARE Sp. z o.o. Dir. General: Emilia CybulskaStreet. Andrzeja Ma\u0142kowskiego 30\/170-304 SzczecinKRS 0000823653NIP [&hellip;]","og_url":"https:\/\/peopleandwork.eu\/en\/impressum\/","og_site_name":"People and work","article_publisher":"https:\/\/www.facebook.com\/PeopleAndWorkPL\/","article_modified_time":"2025-10-01T11:24:24+00:00","og_image":[{"width":758,"height":374,"url":"https:\/\/peopleandwork.eu\/wp-content\/uploads\/2024\/06\/default.jpg","type":"image\/jpeg"}],"twitter_card":"summary_large_image","twitter_misc":{"Est. reading time":"1 minute"},"schema":{"@context":"https:\/\/schema.org","@graph":[{"@type":"WebPage","@id":"https:\/\/peopleandwork.eu\/en\/impressum\/","url":"https:\/\/peopleandwork.eu\/en\/impressum\/","name":"Impressum - People and work","isPartOf":{"@id":"https:\/\/peopleandwork.eu\/en\/#website"},"primaryImageOfPage":{"@id":"https:\/\/peopleandwork.eu\/en\/impressum\/#primaryimage"},"image":{"@id":"https:\/\/peopleandwork.eu\/en\/impressum\/#primaryimage"},"thumbnailUrl":"https:\/\/peopleandwork.eu\/wp-content\/uploads\/2024\/06\/default.jpg","datePublished":"2024-06-15T11:29:35+00:00","dateModified":"2025-10-01T11:24:24+00:00","breadcrumb":{"@id":"https:\/\/peopleandwork.eu\/en\/impressum\/#breadcrumb"},"inLanguage":"en-US","potentialAction":[{"@type":"ReadAction","target":["https:\/\/peopleandwork.eu\/en\/impressum\/"]}]},{"@type":"ImageObject","inLanguage":"en-US","@id":"https:\/\/peopleandwork.eu\/en\/impressum\/#primaryimage","url":"https:\/\/peopleandwork.eu\/wp-content\/uploads\/2024\/06\/default.jpg","contentUrl":"https:\/\/peopleandwork.eu\/wp-content\/uploads\/2024\/06\/default.jpg","width":758,"height":374},{"@type":"BreadcrumbList","@id":"https:\/\/peopleandwork.eu\/en\/impressum\/#breadcrumb","itemListElement":[{"@type":"ListItem","position":1,"name":"Home","item":"https:\/\/peopleandwork.eu\/en\/home-page\/"},{"@type":"ListItem","position":2,"name":"Impressum"}]},{"@type":"WebSite","@id":"https:\/\/peopleandwork.eu\/en\/#website","url":"https:\/\/peopleandwork.eu\/en\/","name":"People and work","description":"Znajd\u017a prac\u0119 w Polsce  i za granic\u0105","publisher":{"@id":"https:\/\/peopleandwork.eu\/en\/#organization"},"potentialAction":[{"@type":"SearchAction","target":{"@type":"EntryPoint","urlTemplate":"https:\/\/peopleandwork.eu\/en\/?s={search_term_string}"},"query-input":{"@type":"PropertyValueSpecification","valueRequired":true,"valueName":"search_term_string"}}],"inLanguage":"en-US"},{"@type":"Organization","@id":"https:\/\/peopleandwork.eu\/en\/#organization","name":"People and work","url":"https:\/\/peopleandwork.eu\/en\/","logo":{"@type":"ImageObject","inLanguage":"en-US","@id":"https:\/\/peopleandwork.eu\/en\/#\/schema\/logo\/image\/","url":"https:\/\/peopleandwork.eu\/wp-content\/uploads\/2024\/06\/Left.svg","contentUrl":"https:\/\/peopleandwork.eu\/wp-content\/uploads\/2024\/06\/Left.svg","width":193,"height":44,"caption":"People and work"},"image":{"@id":"https:\/\/peopleandwork.eu\/en\/#\/schema\/logo\/image\/"},"sameAs":["https:\/\/www.facebook.com\/PeopleAndWorkPL\/","https:\/\/www.instagram.com\/explore\/locations\/100916544781368\/people-and-work\/","https:\/\/www.linkedin.com\/company\/people-and-work-eu\/?originalSubdomain=pl"]}]}},"_links":{"self":[{"href":"https:\/\/peopleandwork.eu\/en\/wp-json\/wp\/v2\/pages\/5789","targetHints":{"allow":["GET"]}}],"collection":[{"href":"https:\/\/peopleandwork.eu\/en\/wp-json\/wp\/v2\/pages"}],"about":[{"href":"https:\/\/peopleandwork.eu\/en\/wp-json\/wp\/v2\/types\/page"}],"author":[{"embeddable":true,"href":"https:\/\/peopleandwork.eu\/en\/wp-json\/wp\/v2\/users\/2"}],"replies":[{"embeddable":true,"href":"https:\/\/peopleandwork.eu\/en\/wp-json\/wp\/v2\/comments?post=5789"}],"version-history":[{"count":5,"href":"https:\/\/peopleandwork.eu\/en\/wp-json\/wp\/v2\/pages\/5789\/revisions"}],"predecessor-version":[{"id":8230,"href":"https:\/\/peopleandwork.eu\/en\/wp-json\/wp\/v2\/pages\/5789\/revisions\/8230"}],"wp:featuredmedia":[{"embeddable":true,"href":"https:\/\/peopleandwork.eu\/en\/wp-json\/wp\/v2\/media\/5246"}],"wp:attachment":[{"href":"https:\/\/peopleandwork.eu\/en\/wp-json\/wp\/v2\/media?parent=5789"}],"curies":[{"name":"wp","href":"https:\/\/api.w.org\/{rel}","templated":true}]}}