{"id":6420,"date":"2024-06-10T17:05:14","date_gmt":"2024-06-10T15:05:14","guid":{"rendered":"https:\/\/peopleandwork.eu\/jetzt-bewerben\/"},"modified":"2024-08-22T14:52:46","modified_gmt":"2024-08-22T12:52:46","slug":"jetzt-bewerben","status":"publish","type":"page","link":"https:\/\/peopleandwork.eu\/de\/jetzt-bewerben\/","title":{"rendered":"Jetzt bewerben"},"content":{"rendered":"\t\t<div data-elementor-type=\"wp-page\" data-elementor-id=\"6420\" class=\"elementor elementor-6420 elementor-5336\" data-elementor-post-type=\"page\">\n\t\t\t\t<div class=\"elementor-element elementor-element-cd8fc4c e-con-full e-flex e-con e-parent\" data-id=\"cd8fc4c\" data-element_type=\"container\">\n\t\t\t\t<div class=\"elementor-element elementor-element-07750b9 elementor-widget elementor-widget-template\" data-id=\"07750b9\" data-element_type=\"widget\" data-widget_type=\"template.default\">\n\t\t\t\t<div class=\"elementor-widget-container\">\n\t\t\t\t\t\t\t<div class=\"elementor-template\">\n\t\t\t\t\t<div data-elementor-type=\"container\" data-elementor-id=\"5282\" class=\"elementor elementor-5282\" data-elementor-post-type=\"elementor_library\">\n\t\t\t\t<div class=\"elementor-element elementor-element-758e7f71 e-con-full e-flex e-con e-parent\" data-id=\"758e7f71\" data-element_type=\"container\" data-settings=\"{&quot;background_background&quot;:&quot;classic&quot;}\">\n\t\t<div class=\"elementor-element elementor-element-3d73945 e-con-full e-flex e-con e-child\" data-id=\"3d73945\" data-element_type=\"container\">\n\t\t<div class=\"elementor-element elementor-element-48f623e3 radius-large e-flex e-con-boxed e-con e-child\" data-id=\"48f623e3\" data-element_type=\"container\" data-settings=\"{&quot;background_background&quot;:&quot;gradient&quot;}\">\n\t\t\t\t\t<div class=\"e-con-inner\">\n\t\t\t\t<div class=\"elementor-element elementor-element-384916f6 breadcrumbs elementor-widget elementor-widget-shortcode\" data-id=\"384916f6\" data-element_type=\"widget\" data-widget_type=\"shortcode.default\">\n\t\t\t\t<div class=\"elementor-widget-container\">\n\t\t\t\t\t\t\t<div class=\"elementor-shortcode\"><span><span><a href=\"https:\/\/peopleandwork.eu\/de\/homepage\/\">Home<\/a><\/span><\/span><\/div>\n\t\t\t\t\t\t<\/div>\n\t\t\t\t<\/div>\n\t\t\t\t<div class=\"elementor-element elementor-element-374228a5 elementor-widget elementor-widget-heading\" data-id=\"374228a5\" data-element_type=\"widget\" data-widget_type=\"heading.default\">\n\t\t\t\t<div class=\"elementor-widget-container\">\n\t\t\t\t\t<h1 class=\"elementor-heading-title elementor-size-default\">Jetzt bewerben<\/h1>\t\t\t\t<\/div>\n\t\t\t\t<\/div>\n\t\t\t\t\t<\/div>\n\t\t\t\t<\/div>\n\t\t\t\t<\/div>\n\t\t\t\t<\/div>\n\t\t\t\t<\/div>\n\t\t\t\t<\/div>\n\t\t\t\t\t\t<\/div>\n\t\t\t\t<\/div>\n\t\t\t\t<\/div>\n\t\t<div class=\"elementor-element elementor-element-6ba18d5 section-padding e-flex e-con-boxed e-con e-parent\" data-id=\"6ba18d5\" data-element_type=\"container\">\n\t\t\t\t\t<div class=\"e-con-inner\">\n\t\t<div class=\"elementor-element elementor-element-5d598ef shadow-big e-flex e-con-boxed e-con e-child\" data-id=\"5d598ef\" data-element_type=\"container\">\n\t\t\t\t\t<div class=\"e-con-inner\">\n\t\t\t\t<div class=\"elementor-element elementor-element-70b3bfe elementor-widget elementor-widget-heading\" data-id=\"70b3bfe\" data-element_type=\"widget\" data-widget_type=\"heading.default\">\n\t\t\t\t<div class=\"elementor-widget-container\">\n\t\t\t\t\t<h3 class=\"elementor-heading-title elementor-size-default\">Reichen Sie Ihren Lebenslauf ein<\/h3>\t\t\t\t<\/div>\n\t\t\t\t<\/div>\n\t\t\t\t<div class=\"elementor-element elementor-element-b2df17d elementor-button-align-start elementor-widget elementor-widget-form\" data-id=\"b2df17d\" data-element_type=\"widget\" data-settings=\"{&quot;step_next_label&quot;:&quot;N\\u00e4chste&quot;,&quot;step_previous_label&quot;:&quot;Vorherige&quot;,&quot;button_width&quot;:&quot;100&quot;,&quot;step_type&quot;:&quot;number_text&quot;,&quot;step_icon_shape&quot;:&quot;circle&quot;}\" data-widget_type=\"form.default\">\n\t\t\t\t<div class=\"elementor-widget-container\">\n\t\t\t\t\t\t\t<form class=\"elementor-form\" method=\"post\" name=\"Anwenden\" aria-label=\"Anwenden\">\n\t\t\t<input type=\"hidden\" name=\"post_id\" value=\"6420\"\/>\n\t\t\t<input type=\"hidden\" name=\"form_id\" value=\"b2df17d\"\/>\n\t\t\t<input type=\"hidden\" name=\"referer_title\" value=\"Jetzt bewerben - People and work\" \/>\n\n\t\t\t\t\t\t\t<input type=\"hidden\" name=\"queried_id\" value=\"6420\"\/>\n\t\t\t\n\t\t\t<div class=\"elementor-form-fields-wrapper elementor-labels-above\">\n\t\t\t\t\t\t\t\t<div class=\"elementor-field-type-text elementor-field-group elementor-column elementor-field-group-name elementor-col-100 elementor-field-required\">\n\t\t\t\t\t\t\t\t\t\t\t\t<label for=\"form-field-name\" class=\"elementor-field-label\">\n\t\t\t\t\t\t\t\tName*\t\t\t\t\t\t\t<\/label>\n\t\t\t\t\t\t\t\t\t\t\t\t\t\t<input size=\"1\" type=\"text\" name=\"form_fields[name]\" id=\"form-field-name\" class=\"elementor-field elementor-size-sm  elementor-field-textual\" required=\"required\">\n\t\t\t\t\t\t\t\t\t\t\t<\/div>\n\t\t\t\t\t\t\t\t<div class=\"elementor-field-type-email elementor-field-group elementor-column elementor-field-group-email elementor-col-50 elementor-field-required\">\n\t\t\t\t\t\t\t\t\t\t\t\t<label for=\"form-field-email\" class=\"elementor-field-label\">\n\t\t\t\t\t\t\t\tE-Mail*\t\t\t\t\t\t\t<\/label>\n\t\t\t\t\t\t\t\t\t\t\t\t\t\t<input size=\"1\" type=\"email\" name=\"form_fields[email]\" id=\"form-field-email\" class=\"elementor-field elementor-size-sm  elementor-field-textual\" required=\"required\">\n\t\t\t\t\t\t\t\t\t\t\t<\/div>\n\t\t\t\t\t\t\t\t<div class=\"elementor-field-type-select elementor-field-group elementor-column elementor-field-group-field_e5264f0 elementor-col-50 elementor-field-required\">\n\t\t\t\t\t\t\t\t\t\t\t\t<label for=\"form-field-field_e5264f0\" class=\"elementor-field-label\">\n\t\t\t\t\t\t\t\tOrt der Arbeit\t\t\t\t\t\t\t<\/label>\n\t\t\t\t\t\t\t\t<div class=\"elementor-field elementor-select-wrapper remove-before \">\n\t\t\t<div class=\"select-caret-down-wrapper\">\n\t\t\t\t<i aria-hidden=\"true\" class=\"eicon-caret-down\"><\/i>\t\t\t<\/div>\n\t\t\t<select name=\"form_fields[field_e5264f0]\" id=\"form-field-field_e5264f0\" class=\"elementor-field-textual elementor-size-sm\" required=\"required\">\n\t\t\t\t\t\t\t\t\t<option value=\"Polen\">Polen<\/option>\n\t\t\t\t\t\t\t\t\t<option value=\"Deutschland\">Deutschland<\/option>\n\t\t\t\t\t\t\t\t\t<option value=\"Niederlande\">Niederlande<\/option>\n\t\t\t\t\t\t\t\t\t<option value=\"W\u00e4hlen Sie\">W\u00e4hlen Sie<\/option>\n\t\t\t\t\t\t\t<\/select>\n\t\t<\/div>\n\t\t\t\t\t\t<\/div>\n\t\t\t\t\t\t\t\t<div class=\"elementor-field-type-select elementor-field-group elementor-column elementor-field-group-field_c795afa elementor-col-100\">\n\t\t\t\t\t\t\t\t\t\t\t\t<label for=\"form-field-field_c795afa\" class=\"elementor-field-label\">\n\t\t\t\t\t\t\t\tPosition*\t\t\t\t\t\t\t<\/label>\n\t\t\t\t\t\t\t\t<div class=\"elementor-field elementor-select-wrapper remove-before \">\n\t\t\t<div class=\"select-caret-down-wrapper\">\n\t\t\t\t<i aria-hidden=\"true\" class=\"eicon-caret-down\"><\/i>\t\t\t<\/div>\n\t\t\t<select name=\"form_fields[field_c795afa]\" id=\"form-field-field_c795afa\" class=\"elementor-field-textual elementor-size-sm\">\n\t\t\t\t\t\t\t\t\t<option value=\"W\u00e4hlen Sie\">W\u00e4hlen Sie<\/option>\n\t\t\t\t\t\t\t\t\t<option value=\"Logistik\/Lager\">Logistik\/Lager<\/option>\n\t\t\t\t\t\t\t\t\t<option value=\"W\u00e4schereien\">W\u00e4schereien<\/option>\n\t\t\t\t\t\t\t\t\t<option value=\"Treiber\">Treiber<\/option>\n\t\t\t\t\t\t\t\t\t<option value=\"Schwei\u00dfer\/Schwei\u00dfer\">Schwei\u00dfer\/Schwei\u00dfer<\/option>\n\t\t\t\t\t\t\t\t\t<option value=\"Installateure\">Installateure<\/option>\n\t\t\t\t\t\t\t\t\t<option value=\"K\u00f6rperliche Arbeit\">K\u00f6rperliche Arbeit<\/option>\n\t\t\t\t\t\t\t\t\t<option value=\"B\u00fcroarbeit\">B\u00fcroarbeit<\/option>\n\t\t\t\t\t\t\t\t\t<option value=\"Medizinische Arbeit - Medizinisch\">Medizinische Arbeit - Medizinisch<\/option>\n\t\t\t\t\t\t\t\t\t<option value=\"Andere\">Andere<\/option>\n\t\t\t\t\t\t\t<\/select>\n\t\t<\/div>\n\t\t\t\t\t\t<\/div>\n\t\t\t\t\t\t\t\t<div class=\"elementor-field-type-upload elementor-field-group elementor-column elementor-field-group-field_119b436 elementor-col-100 elementor-field-required\">\n\t\t\t\t\t\t\t\t\t\t\t\t<label for=\"form-field-field_119b436\" class=\"elementor-field-label\">\n\t\t\t\t\t\t\t\tLebenslauf und Anschreiben\t\t\t\t\t\t\t<\/label>\n\t\t\t\t\t\t\t\t<input type=\"file\" name=\"form_fields[field_119b436][]\" id=\"form-field-field_119b436\" class=\"elementor-field elementor-size-sm  elementor-upload-field\" required=\"required\" multiple=\"multiple\" data-maxsize=\"5\" data-maxsize-message=\"Diese Datei \u00fcbersteigt die maximale Dateigr\u00f6\u00dfe.\">\n\n\t\t\t\t\t\t<\/div>\n\t\t\t\t\t\t\t\t<div class=\"elementor-field-type-acceptance elementor-field-group elementor-column elementor-field-group-field_5c88045 elementor-col-100 elementor-field-required\">\n\t\t\t\t\t\t\t<div class=\"elementor-field-subgroup\">\n\t\t\t<span class=\"elementor-field-option\">\n\t\t\t\t<input type=\"checkbox\" name=\"form_fields[field_5c88045]\" id=\"form-field-field_5c88045\" class=\"elementor-field elementor-size-sm  elementor-acceptance-field\" required=\"required\">\n\t\t\t\t<label for=\"form-field-field_5c88045\">Ich erkl\u00e4re mich mit der Verarbeitung meiner personenbezogenen Daten aus dem Kontaktformular und dem beigef\u00fcgten Lebenslauf durch People &amp; Work einverstanden, um mir m\u00f6gliche Stellenangebote zu unterbreiten, in \u00dcbereinstimmung mit den Bestimmungen des Gesetzes vom 10. Mai 2018. zum Schutz personenbezogener Daten (Journal of Laws 2018, item 1000) und die Verordnung des Europ\u00e4ischen Parlaments und des Rates (EU) 2016\/679 vom 27. April 2016. zum Schutz nat\u00fcrlicher Personen bei der Verarbeitung personenbezogener Daten und zum freien Verkehr solcher Daten (RODO).<\/label>\t\t\t<\/span>\n\t\t<\/div>\n\t\t\t\t\t\t<\/div>\n\t\t\t\t\t\t\t\t<div class=\"elementor-field-group elementor-column elementor-field-type-submit elementor-col-100 e-form__buttons\">\n\t\t\t\t\t<button class=\"elementor-button elementor-size-sm\" type=\"submit\">\n\t\t\t\t\t\t<span class=\"elementor-button-content-wrapper\">\n\t\t\t\t\t\t\t\t\t\t\t\t\t\t\t<span class=\"elementor-button-icon\">\n\t\t\t\t\t\t\t\t\t<i aria-hidden=\"true\" class=\"fas fa-chevron-right\"><\/i>\t\t\t\t\t\t\t\t\t\t\t\t\t\t\t\t\t<\/span>\n\t\t\t\t\t\t\t\t\t\t\t\t\t\t\t\t\t\t\t\t\t\t<span class=\"elementor-button-text\">Senden Sie<\/span>\n\t\t\t\t\t\t\t\t\t\t\t\t\t<\/span>\n\t\t\t\t\t<\/button>\n\t\t\t\t<\/div>\n\t\t\t<\/div>\n\t\t<\/form>\n\t\t\t\t\t\t<\/div>\n\t\t\t\t<\/div>\n\t\t\t\t\t<\/div>\n\t\t\t\t<\/div>\n\t\t\t\t\t<\/div>\n\t\t\t\t<\/div>\n\t\t\t\t<\/div>\n\t\t","protected":false},"excerpt":{"rendered":"<p>Reichen Sie Ihren Lebenslauf ein<\/p>\n","protected":false},"author":2,"featured_media":5246,"parent":0,"menu_order":0,"comment_status":"closed","ping_status":"closed","template":"","meta":{"_acf_changed":false,"footnotes":""},"class_list":["post-6420","page","type-page","status-publish","has-post-thumbnail","hentry"],"acf":[],"yoast_head":"<!-- This site is optimized with the Yoast SEO plugin v25.6 - https:\/\/yoast.com\/wordpress\/plugins\/seo\/ -->\n<title>Jetzt bewerben - People and work<\/title>\n<meta name=\"robots\" content=\"index, follow, max-snippet:-1, max-image-preview:large, max-video-preview:-1\" \/>\n<link rel=\"canonical\" href=\"https:\/\/peopleandwork.eu\/de\/jetzt-bewerben\/\" \/>\n<meta property=\"og:locale\" content=\"de_DE\" \/>\n<meta property=\"og:type\" content=\"article\" \/>\n<meta property=\"og:title\" content=\"Jetzt bewerben - People and work\" \/>\n<meta property=\"og:description\" content=\"Reichen Sie Ihren Lebenslauf ein\" \/>\n<meta property=\"og:url\" content=\"https:\/\/peopleandwork.eu\/de\/jetzt-bewerben\/\" \/>\n<meta property=\"og:site_name\" content=\"People and work\" \/>\n<meta property=\"article:publisher\" content=\"https:\/\/www.facebook.com\/PeopleAndWorkPL\/\" \/>\n<meta property=\"article:modified_time\" content=\"2024-08-22T12:52:46+00:00\" \/>\n<meta property=\"og:image\" content=\"https:\/\/peopleandwork.eu\/wp-content\/uploads\/2024\/06\/default.jpg\" \/>\n\t<meta property=\"og:image:width\" content=\"758\" \/>\n\t<meta property=\"og:image:height\" content=\"374\" \/>\n\t<meta property=\"og:image:type\" content=\"image\/jpeg\" \/>\n<meta name=\"twitter:card\" content=\"summary_large_image\" \/>\n<script type=\"application\/ld+json\" class=\"yoast-schema-graph\">{\"@context\":\"https:\/\/schema.org\",\"@graph\":[{\"@type\":\"WebPage\",\"@id\":\"https:\/\/peopleandwork.eu\/de\/jetzt-bewerben\/\",\"url\":\"https:\/\/peopleandwork.eu\/de\/jetzt-bewerben\/\",\"name\":\"Jetzt bewerben - People and work\",\"isPartOf\":{\"@id\":\"https:\/\/peopleandwork.eu\/de\/#website\"},\"primaryImageOfPage\":{\"@id\":\"https:\/\/peopleandwork.eu\/de\/jetzt-bewerben\/#primaryimage\"},\"image\":{\"@id\":\"https:\/\/peopleandwork.eu\/de\/jetzt-bewerben\/#primaryimage\"},\"thumbnailUrl\":\"https:\/\/peopleandwork.eu\/wp-content\/uploads\/2024\/06\/default.jpg\",\"datePublished\":\"2024-06-10T15:05:14+00:00\",\"dateModified\":\"2024-08-22T12:52:46+00:00\",\"breadcrumb\":{\"@id\":\"https:\/\/peopleandwork.eu\/de\/jetzt-bewerben\/#breadcrumb\"},\"inLanguage\":\"de\",\"potentialAction\":[{\"@type\":\"ReadAction\",\"target\":[\"https:\/\/peopleandwork.eu\/de\/jetzt-bewerben\/\"]}]},{\"@type\":\"ImageObject\",\"inLanguage\":\"de\",\"@id\":\"https:\/\/peopleandwork.eu\/de\/jetzt-bewerben\/#primaryimage\",\"url\":\"https:\/\/peopleandwork.eu\/wp-content\/uploads\/2024\/06\/default.jpg\",\"contentUrl\":\"https:\/\/peopleandwork.eu\/wp-content\/uploads\/2024\/06\/default.jpg\",\"width\":758,\"height\":374},{\"@type\":\"BreadcrumbList\",\"@id\":\"https:\/\/peopleandwork.eu\/de\/jetzt-bewerben\/#breadcrumb\",\"itemListElement\":[{\"@type\":\"ListItem\",\"position\":1,\"name\":\"Home\",\"item\":\"https:\/\/peopleandwork.eu\/de\/homepage\/\"},{\"@type\":\"ListItem\",\"position\":2,\"name\":\"Jetzt bewerben\"}]},{\"@type\":\"WebSite\",\"@id\":\"https:\/\/peopleandwork.eu\/de\/#website\",\"url\":\"https:\/\/peopleandwork.eu\/de\/\",\"name\":\"People and work\",\"description\":\"Znajd\u017a prac\u0119 w Polsce  i za granic\u0105\",\"publisher\":{\"@id\":\"https:\/\/peopleandwork.eu\/de\/#organization\"},\"potentialAction\":[{\"@type\":\"SearchAction\",\"target\":{\"@type\":\"EntryPoint\",\"urlTemplate\":\"https:\/\/peopleandwork.eu\/de\/?s={search_term_string}\"},\"query-input\":{\"@type\":\"PropertyValueSpecification\",\"valueRequired\":true,\"valueName\":\"search_term_string\"}}],\"inLanguage\":\"de\"},{\"@type\":\"Organization\",\"@id\":\"https:\/\/peopleandwork.eu\/de\/#organization\",\"name\":\"People and work\",\"url\":\"https:\/\/peopleandwork.eu\/de\/\",\"logo\":{\"@type\":\"ImageObject\",\"inLanguage\":\"de\",\"@id\":\"https:\/\/peopleandwork.eu\/de\/#\/schema\/logo\/image\/\",\"url\":\"https:\/\/peopleandwork.eu\/wp-content\/uploads\/2024\/06\/Left.svg\",\"contentUrl\":\"https:\/\/peopleandwork.eu\/wp-content\/uploads\/2024\/06\/Left.svg\",\"width\":193,\"height\":44,\"caption\":\"People and work\"},\"image\":{\"@id\":\"https:\/\/peopleandwork.eu\/de\/#\/schema\/logo\/image\/\"},\"sameAs\":[\"https:\/\/www.facebook.com\/PeopleAndWorkPL\/\",\"https:\/\/www.instagram.com\/explore\/locations\/100916544781368\/people-and-work\/\",\"https:\/\/www.linkedin.com\/company\/people-and-work-eu\/?originalSubdomain=pl\"]}]}<\/script>\n<!-- \/ Yoast SEO plugin. -->","yoast_head_json":{"title":"Jetzt bewerben - People and work","robots":{"index":"index","follow":"follow","max-snippet":"max-snippet:-1","max-image-preview":"max-image-preview:large","max-video-preview":"max-video-preview:-1"},"canonical":"https:\/\/peopleandwork.eu\/de\/jetzt-bewerben\/","og_locale":"de_DE","og_type":"article","og_title":"Jetzt bewerben - People and work","og_description":"Reichen Sie Ihren Lebenslauf ein","og_url":"https:\/\/peopleandwork.eu\/de\/jetzt-bewerben\/","og_site_name":"People and work","article_publisher":"https:\/\/www.facebook.com\/PeopleAndWorkPL\/","article_modified_time":"2024-08-22T12:52:46+00:00","og_image":[{"width":758,"height":374,"url":"https:\/\/peopleandwork.eu\/wp-content\/uploads\/2024\/06\/default.jpg","type":"image\/jpeg"}],"twitter_card":"summary_large_image","schema":{"@context":"https:\/\/schema.org","@graph":[{"@type":"WebPage","@id":"https:\/\/peopleandwork.eu\/de\/jetzt-bewerben\/","url":"https:\/\/peopleandwork.eu\/de\/jetzt-bewerben\/","name":"Jetzt bewerben - People and work","isPartOf":{"@id":"https:\/\/peopleandwork.eu\/de\/#website"},"primaryImageOfPage":{"@id":"https:\/\/peopleandwork.eu\/de\/jetzt-bewerben\/#primaryimage"},"image":{"@id":"https:\/\/peopleandwork.eu\/de\/jetzt-bewerben\/#primaryimage"},"thumbnailUrl":"https:\/\/peopleandwork.eu\/wp-content\/uploads\/2024\/06\/default.jpg","datePublished":"2024-06-10T15:05:14+00:00","dateModified":"2024-08-22T12:52:46+00:00","breadcrumb":{"@id":"https:\/\/peopleandwork.eu\/de\/jetzt-bewerben\/#breadcrumb"},"inLanguage":"de","potentialAction":[{"@type":"ReadAction","target":["https:\/\/peopleandwork.eu\/de\/jetzt-bewerben\/"]}]},{"@type":"ImageObject","inLanguage":"de","@id":"https:\/\/peopleandwork.eu\/de\/jetzt-bewerben\/#primaryimage","url":"https:\/\/peopleandwork.eu\/wp-content\/uploads\/2024\/06\/default.jpg","contentUrl":"https:\/\/peopleandwork.eu\/wp-content\/uploads\/2024\/06\/default.jpg","width":758,"height":374},{"@type":"BreadcrumbList","@id":"https:\/\/peopleandwork.eu\/de\/jetzt-bewerben\/#breadcrumb","itemListElement":[{"@type":"ListItem","position":1,"name":"Home","item":"https:\/\/peopleandwork.eu\/de\/homepage\/"},{"@type":"ListItem","position":2,"name":"Jetzt bewerben"}]},{"@type":"WebSite","@id":"https:\/\/peopleandwork.eu\/de\/#website","url":"https:\/\/peopleandwork.eu\/de\/","name":"People and work","description":"Znajd\u017a prac\u0119 w Polsce  i za granic\u0105","publisher":{"@id":"https:\/\/peopleandwork.eu\/de\/#organization"},"potentialAction":[{"@type":"SearchAction","target":{"@type":"EntryPoint","urlTemplate":"https:\/\/peopleandwork.eu\/de\/?s={search_term_string}"},"query-input":{"@type":"PropertyValueSpecification","valueRequired":true,"valueName":"search_term_string"}}],"inLanguage":"de"},{"@type":"Organization","@id":"https:\/\/peopleandwork.eu\/de\/#organization","name":"People and work","url":"https:\/\/peopleandwork.eu\/de\/","logo":{"@type":"ImageObject","inLanguage":"de","@id":"https:\/\/peopleandwork.eu\/de\/#\/schema\/logo\/image\/","url":"https:\/\/peopleandwork.eu\/wp-content\/uploads\/2024\/06\/Left.svg","contentUrl":"https:\/\/peopleandwork.eu\/wp-content\/uploads\/2024\/06\/Left.svg","width":193,"height":44,"caption":"People and work"},"image":{"@id":"https:\/\/peopleandwork.eu\/de\/#\/schema\/logo\/image\/"},"sameAs":["https:\/\/www.facebook.com\/PeopleAndWorkPL\/","https:\/\/www.instagram.com\/explore\/locations\/100916544781368\/people-and-work\/","https:\/\/www.linkedin.com\/company\/people-and-work-eu\/?originalSubdomain=pl"]}]}},"_links":{"self":[{"href":"https:\/\/peopleandwork.eu\/de\/wp-json\/wp\/v2\/pages\/6420","targetHints":{"allow":["GET"]}}],"collection":[{"href":"https:\/\/peopleandwork.eu\/de\/wp-json\/wp\/v2\/pages"}],"about":[{"href":"https:\/\/peopleandwork.eu\/de\/wp-json\/wp\/v2\/types\/page"}],"author":[{"embeddable":true,"href":"https:\/\/peopleandwork.eu\/de\/wp-json\/wp\/v2\/users\/2"}],"replies":[{"embeddable":true,"href":"https:\/\/peopleandwork.eu\/de\/wp-json\/wp\/v2\/comments?post=6420"}],"version-history":[{"count":2,"href":"https:\/\/peopleandwork.eu\/de\/wp-json\/wp\/v2\/pages\/6420\/revisions"}],"predecessor-version":[{"id":6830,"href":"https:\/\/peopleandwork.eu\/de\/wp-json\/wp\/v2\/pages\/6420\/revisions\/6830"}],"wp:featuredmedia":[{"embeddable":true,"href":"https:\/\/peopleandwork.eu\/de\/wp-json\/wp\/v2\/media\/5246"}],"wp:attachment":[{"href":"https:\/\/peopleandwork.eu\/de\/wp-json\/wp\/v2\/media?parent=6420"}],"curies":[{"name":"wp","href":"https:\/\/api.w.org\/{rel}","templated":true}]}}